{"id":2,"date":"2025-10-18T18:07:47","date_gmt":"2025-10-18T18:07:47","guid":{"rendered":"https:\/\/tk-networks.phuchai.com\/win\/?page_id=2"},"modified":"2025-10-19T02:05:42","modified_gmt":"2025-10-19T02:05:42","slug":"trang-mau","status":"publish","type":"page","link":"https:\/\/vn.titocity.com\/win\/","title":{"rendered":"Trang m\u1eabu"},"content":{"rendered":"\n<p class=\"has-text-align-right has-source-serif-pro-font-family has-large-font-size\">TITO WIN<\/p>\n\n\n\n<p class=\"has-text-align-right\">\u0111\u01b0\u1ee3c vi\u1ec7c, hanh th\u00f4ng, thu\u1eadn l\u1ee3i<\/p>\n\n\n\n<p class=\"has-text-align-center has-source-serif-pro-font-family\" style=\"font-size:clamp(3.426rem, 3.426rem + ((1vw - 0.2rem) * 6.498), 7rem);\">\u767e\u5e74\u76db\u4e16<\/p>\n\n\n\n<p class=\"has-large-font-size\">Kinh doanh ng\u00e0y th\u00eam ph\u00e1t \u0111\u1ea1t, thu l\u1ee3i l\u1edbn. C\u00f4ng vi\u1ec7c hanh th\u00f4ng. Cu\u1ed9c s\u1ed1ng may m\u1eafn, th\u00e0nh \u0111\u1ea1t<\/p>\n\n\n\n<p>Nh\u00ecn chung m\u1ecdi th\u1ee9 \u0111\u1ec1u di\u1ec5n ra t\u1ed1t, t\u0103ng tr\u01b0\u1edfng, ti\u1ebfn b\u1ed9, c\u00f3 t\u00edch l\u0169y l\u1edbn<\/p>\n\n\n\n<p>Ng\u01b0\u1eddi d\u00f9ng Tito lu\u00f4n ph\u1ea3i kh\u1eafc c\u1ed1t ghi t\u00e2m ba ch\u1eef: PROFIT. WIN. SUCCESS. Th\u00ec \u0111\u01b0\u1eddng l\u00e0m \u0103n, \u0111\u01b0\u1eddng c\u00f4ng danh, \u0111\u01b0\u1eddng \u0111\u1eddi thu\u1eadn l\u1ee3i<\/p>\n\n\n\n<p>Kh\u1edfi nguy\u00ean c\u1ee7a t\u00ean g\u1ecdi TITO l\u00e0 xu\u1ea5t ph\u00e1t t\u1eeb ch\u1eef TI\u1ec0N TO (BIG MONEY \/ BIG BUCKS)<\/p>\n\n\n\n<p>T\u00ean g\u1ecdi c\u1ee7a TITO l\u00e0: TITO EMPIRE \u5927\u5bcc\u8c6a (\u0110\u1ea1i Ph\u00fa H\u00e0o). \u0110\u00e2y l\u00e0 s\u00e2n ch\u01a1i c\u1ee7a ti\u1ec1n b\u1ea1c, c\u00f4ng danh, s\u1ef1 nghi\u1ec7p.<\/p>\n\n\n\n<figure class=\"wp-block-table is-style-stripes has-small-font-size\"><table class=\"has-fixed-layout\"><tbody><tr><td>\u5eb7 KHANG<\/td><td>\u8ca1 T\u00c0I<\/td><td>\u4e3b CH\u1ee6<\/td><\/tr><tr><td>\u0110\u01af\u1ee2C VI\u1ec6C<\/td><td>L\u1ee2I NHU\u1eacN<\/td><td>TH\u00c0NH C\u00d4NG<\/td><\/tr><tr><td>WIN<\/td><td>PROFIT<\/td><td>SUCCESS<\/td><\/tr><tr><td>GAME<\/td><td>WEALTH, RICH<\/td><td>BOSS<\/td><\/tr><\/tbody><\/table><\/figure>\n\n\n\n<p>\u0110\u1ebf ch\u1ebf TITO t\u1ea1o ra nhi\u1ec1u ng\u01b0\u1eddi gi\u00e0u, nh\u1eefng ng\u01b0\u1eddi ch\u1ee7 ti\u1ec1n t\u00e0i, ch\u1ee7 cu\u1ed9c ch\u01a1i. G\u1ecdi chung l\u00e0 KHANG T\u00c0I CH\u1ee6 \u5eb7\u8ca1\u4e3b (<a href=\"https:\/\/vn.titocity.com\/khangtaichu\" target=\"_blank\" rel=\"noreferrer noopener\">vn.titocity.com\/khangtaichu<\/a>)<\/p>\n\n\n\n<p>Xem th\u00eam \u0110\u1ea1o l\u00fd c\u1ee7a Khang T\u00e0i Ch\u1ee7<\/p>\n\n\n\n<ol class=\"wp-block-list\">\n<li>TITO WIN \u2013&nbsp;<a href=\"https:\/\/vn.titocity.com\/win\" target=\"_blank\" rel=\"noreferrer noopener\">vn.titocity.com\/win<\/a><\/li>\n\n\n\n<li>TITO PROFIT \u2013&nbsp;<a href=\"https:\/\/vn.titocity.com\/profit\" target=\"_blank\" rel=\"noreferrer noopener\">vn.titocity.com\/profit<\/a><\/li>\n\n\n\n<li>TITO SUCCESS \u2013&nbsp;<a href=\"https:\/\/vn.titocity.com\/success\" target=\"_blank\" rel=\"noreferrer noopener\">vn.titocity.com\/success<\/a><\/li>\n<\/ol>\n\n\n\n<figure class=\"wp-block-image alignfull size-large\"><img decoding=\"async\" src=\"https:\/\/vn.titocity.com\/wp-content\/uploads\/solaris\/tk\/tk-networks\/sites\/6\/2025\/10\/1000015273.jpg\" alt=\"\"\/><\/figure>\n\n\n\n<p class=\"has-small-font-size\">KHANG CH\u1ee6 T\u01af\u1edaNG, 19.10.2025<\/p>\n\n\n\n<figure class=\"wp-block-embed is-type-wp-embed is-provider-tito-empire wp-block-embed-tito-empire\"><div class=\"wp-block-embed__wrapper\">\n<blockquote class=\"wp-embedded-content\" data-secret=\"2QnH96GrGy\"><a href=\"https:\/\/vn.titocity.com\/empire\/158\/lien-minh-cac-mang-luoi-xa-hoi-so-tito\/\">Li\u00ean minh c\u00e1c M\u1ea1ng l\u01b0\u1edbi x\u00e3 h\u1ed9i s\u1ed1 Tito (Tito eSocial Networks Alliance)<\/a><\/blockquote><iframe loading=\"lazy\" class=\"wp-embedded-content\" sandbox=\"allow-scripts\" security=\"restricted\" style=\"position: absolute; visibility: hidden;\" title=\"&#8220;Li\u00ean minh c\u00e1c M\u1ea1ng l\u01b0\u1edbi x\u00e3 h\u1ed9i s\u1ed1 Tito (Tito eSocial Networks Alliance)&#8221; &#8212; TITO EMPIRE \u5927\u5bcc\u8c6a\" src=\"https:\/\/vn.titocity.com\/empire\/158\/lien-minh-cac-mang-luoi-xa-hoi-so-tito\/embed\/#?secret=T50uq2PKWX#?secret=2QnH96GrGy\" data-secret=\"2QnH96GrGy\" width=\"500\" height=\"282\" frameborder=\"0\" marginwidth=\"0\" marginheight=\"0\" scrolling=\"no\"><\/iframe>\n<\/div><\/figure>\n\n\n\n<figure class=\"wp-block-image alignfull size-full\"><img loading=\"lazy\" decoding=\"async\" width=\"1080\" height=\"2321\" src=\"https:\/\/vn.titocity.com\/win\/wp-content\/uploads\/solaris\/tk\/tk-networks\/sites\/54\/2025\/10\/1000015377.jpg\" alt=\"\" class=\"wp-image-24\" srcset=\"https:\/\/vn.titocity.com\/win\/wp-content\/uploads\/solaris\/tk\/tk-networks\/sites\/54\/2025\/10\/1000015377.jpg 1080w, https:\/\/vn.titocity.com\/win\/wp-content\/uploads\/solaris\/tk\/tk-networks\/sites\/54\/2025\/10\/1000015377-140x300.jpg 140w, https:\/\/vn.titocity.com\/win\/wp-content\/uploads\/solaris\/tk\/tk-networks\/sites\/54\/2025\/10\/1000015377-476x1024.jpg 476w, https:\/\/vn.titocity.com\/win\/wp-content\/uploads\/solaris\/tk\/tk-networks\/sites\/54\/2025\/10\/1000015377-768x1650.jpg 768w, https:\/\/vn.titocity.com\/win\/wp-content\/uploads\/solaris\/tk\/tk-networks\/sites\/54\/2025\/10\/1000015377-715x1536.jpg 715w, https:\/\/vn.titocity.com\/win\/wp-content\/uploads\/solaris\/tk\/tk-networks\/sites\/54\/2025\/10\/1000015377-953x2048.jpg 953w\" sizes=\"auto, (max-width: 1080px) 100vw, 1080px\" \/><\/figure>\n\n\n\n<div style=\"height:16px\" aria-hidden=\"true\" class=\"wp-block-spacer\"><\/div>\n\n\n\n<p class=\"has-text-align-left\">TITO EMPIRE \u5927\u5bcc\u8c6a<\/p>\n\n\n\n<p class=\"has-text-align-left\">profit. win. success<\/p>\n\n\n\n<div class=\"wp-block-group has-global-padding is-layout-constrained wp-block-group-is-layout-constrained\"><div class=\"logged-out wp-block-loginout\"><a href=\"https:\/\/vn.titocity.com\/win\/wp-login.php?redirect_to=https%3A%2F%2Fvn.titocity.com%2Fwin%2Fwp-json%2Fwp%2Fv2%2Fpages%2F2\">\u0110\u0103ng nh\u1eadp<\/a><\/div><\/div>\n\n\n\n<p><\/p>\n\n\n\n<div style=\"height:16px\" aria-hidden=\"true\" class=\"wp-block-spacer\"><\/div>\n","protected":false},"excerpt":{"rendered":"<p>TITO WIN \u0111\u01b0\u1ee3c vi\u1ec7c, hanh th\u00f4ng, thu\u1eadn l\u1ee3i \u767e\u5e74\u76db\u4e16 Kinh doanh ng\u00e0y th\u00eam ph\u00e1t \u0111\u1ea1t, thu l\u1ee3i l\u1edbn. C\u00f4ng vi\u1ec7c hanh th\u00f4ng. Cu\u1ed9c s\u1ed1ng may m\u1eafn, th\u00e0nh \u0111\u1ea1t Nh\u00ecn chung m\u1ecdi th\u1ee9 \u0111\u1ec1u di\u1ec5n ra t\u1ed1t, t\u0103ng tr\u01b0\u1edfng, ti\u1ebfn b\u1ed9, c\u00f3 t\u00edch l\u0169y l\u1edbn Ng\u01b0\u1eddi d\u00f9ng Tito lu\u00f4n ph\u1ea3i kh\u1eafc c\u1ed1t ghi t\u00e2m ba ch\u1eef: [&hellip;]<\/p>\n","protected":false},"author":1,"featured_media":0,"parent":0,"menu_order":0,"comment_status":"closed","ping_status":"open","template":"blank","meta":{"footnotes":""},"class_list":["post-2","page","type-page","status-publish","hentry"],"_links":{"self":[{"href":"https:\/\/vn.titocity.com\/win\/wp-json\/wp\/v2\/pages\/2","targetHints":{"allow":["GET"]}}],"collection":[{"href":"https:\/\/vn.titocity.com\/win\/wp-json\/wp\/v2\/pages"}],"about":[{"href":"https:\/\/vn.titocity.com\/win\/wp-json\/wp\/v2\/types\/page"}],"author":[{"embeddable":true,"href":"https:\/\/vn.titocity.com\/win\/wp-json\/wp\/v2\/users\/1"}],"replies":[{"embeddable":true,"href":"https:\/\/vn.titocity.com\/win\/wp-json\/wp\/v2\/comments?post=2"}],"version-history":[{"count":18,"href":"https:\/\/vn.titocity.com\/win\/wp-json\/wp\/v2\/pages\/2\/revisions"}],"predecessor-version":[{"id":27,"href":"https:\/\/vn.titocity.com\/win\/wp-json\/wp\/v2\/pages\/2\/revisions\/27"}],"wp:attachment":[{"href":"https:\/\/vn.titocity.com\/win\/wp-json\/wp\/v2\/media?parent=2"}],"curies":[{"name":"wp","href":"https:\/\/api.w.org\/{rel}","templated":true}]}}