{"id":15,"date":"2025-10-22T23:28:20","date_gmt":"2025-10-22T23:28:20","guid":{"rendered":"https:\/\/vn.titocity.com\/u\/?page_id=15"},"modified":"2025-10-22T23:49:46","modified_gmt":"2025-10-22T23:49:46","slug":"tvhk","status":"publish","type":"page","link":"https:\/\/vn.titocity.com\/u\/tvhk\/","title":{"rendered":"TVHK"},"content":{"rendered":"\n<h1 class=\"wp-block-heading\">TVHK<\/h1>\n\n\n\n<div style=\"height:14px\" aria-hidden=\"true\" class=\"wp-block-spacer\"><\/div>\n\n\n\n<div class=\"wp-block-columns alignwide is-layout-flex wp-container-core-columns-is-layout-d2da2050 wp-block-columns-is-layout-flex\" style=\"margin-bottom:0\">\n<div class=\"wp-block-column has-text-color has-background has-link-color wp-elements-e245fc2bfb6f0152ae13f25d8c6b52c4 is-layout-flow wp-block-column-is-layout-flow\" style=\"color:#000000;background-color:#ffe97d;padding-top:2em;padding-right:2em;padding-bottom:2em;padding-left:2em\">\n<h2 class=\"wp-block-heading\" id=\"single\" style=\"font-size:clamp(24.034px, 1.502rem + ((1vw - 3.2px) * 1.565), 40px);\"><strong>Single<\/strong><\/h2>\n\n\n\n<p class=\"has-normal-font-size\" style=\"line-height:1.5\"><strong>Enrich our growing community.<\/strong> <\/p>\n\n\n\n<hr class=\"wp-block-separator has-text-color has-css-opacity has-background is-style-wide is-style-wide--1\" style=\"background-color:#000000;color:#000000\"\/>\n\n\n\n<ul class=\"wp-block-list has-normal-font-size\">\n<li>General admission and member discounts for one adult<\/li>\n\n\n\n<li>One free ticket per special exhibition<\/li>\n\n\n\n<li>Two single-use guest passes per year<\/li>\n<\/ul>\n\n\n\n<div class=\"wp-block-buttons alignfull is-horizontal is-content-justification-center is-layout-flex wp-container-core-buttons-is-layout-03627597 wp-block-buttons-is-layout-flex\">\n<div class=\"wp-block-button has-custom-width wp-block-button__width-100\"><a class=\"wp-block-button__link has-white-color has-text-color has-background no-border-radius wp-element-button\" style=\"background-color:#000000\">$110 \/ year<\/a><\/div>\n<\/div>\n<\/div>\n\n\n\n<div class=\"wp-block-column has-text-color has-background has-link-color wp-elements-e17ff4e06462eacdafd288f1e6f938ba is-layout-flow wp-block-column-is-layout-flow\" style=\"color:#000000;background-color:#d1d1e1;padding-top:2em;padding-right:2em;padding-bottom:2em;padding-left:2em\">\n<h2 class=\"wp-block-heading\" id=\"family\" style=\"font-size:clamp(24.034px, 1.502rem + ((1vw - 3.2px) * 1.565), 40px);\"><strong>Family<\/strong><\/h2>\n\n\n\n<p class=\"has-normal-font-size\" style=\"line-height:1.5\"><strong>Support special exhibitions.<\/strong><\/p>\n\n\n\n<hr class=\"wp-block-separator has-css-opacity is-style-wide is-style-wide--2\"\/>\n\n\n\n<ul class=\"wp-block-list has-normal-font-size\">\n<li>General admission and member discounts for two adults<\/li>\n\n\n\n<li>Four free tickets per special exhibition<\/li>\n\n\n\n<li>Four single-use guest passes per year<\/li>\n<\/ul>\n\n\n\n<div class=\"wp-block-buttons alignfull is-horizontal is-content-justification-center is-layout-flex wp-container-core-buttons-is-layout-03627597 wp-block-buttons-is-layout-flex\">\n<div class=\"wp-block-button has-custom-width wp-block-button__width-100 is-style-fill\"><a class=\"wp-block-button__link has-white-color has-text-color has-background no-border-radius wp-element-button\" style=\"background-color:#000000\">$200 \/ year<\/a><\/div>\n<\/div>\n<\/div>\n\n\n\n<div class=\"wp-block-column has-text-color has-background has-link-color wp-elements-0dcfc819dcd96c87e9b5f4e5df1428eb is-layout-flow wp-block-column-is-layout-flow\" style=\"color:#000000;background-color:#c0ebf1;padding-top:2em;padding-right:2em;padding-bottom:2em;padding-left:2em\">\n<h2 class=\"wp-block-heading\" id=\"patron\" style=\"font-size:clamp(24.034px, 1.502rem + ((1vw - 3.2px) * 1.565), 40px);\"><strong>Patron<\/strong><\/h2>\n\n\n\n<p class=\"has-normal-font-size\"><strong>Take support to the next level.<\/strong><\/p>\n\n\n\n<hr class=\"wp-block-separator has-css-opacity is-style-wide is-style-wide--3\"\/>\n\n\n\n<ul class=\"wp-block-list has-normal-font-size\">\n<li>General admission and member discounts for two adults<\/li>\n\n\n\n<li>Five free tickets per special exhibition<\/li>\n\n\n\n<li>Six single-use guest passes per year<\/li>\n<\/ul>\n\n\n\n<div class=\"wp-block-buttons alignfull is-horizontal is-content-justification-center is-layout-flex wp-container-core-buttons-is-layout-03627597 wp-block-buttons-is-layout-flex\">\n<div class=\"wp-block-button has-custom-width wp-block-button__width-100\"><a class=\"wp-block-button__link has-white-color has-text-color has-background no-border-radius wp-element-button\" style=\"background-color:#000000\">$400 \/ year<\/a><\/div>\n<\/div>\n<\/div>\n<\/div>\n\n\n\n<div class=\"wp-block-group alignfull has-global-padding is-layout-constrained wp-container-core-group-is-layout-4651deb1 wp-block-group-is-layout-constrained\" style=\"margin-top:0;margin-bottom:0;padding-top:var(--wp--preset--spacing--70);padding-bottom:var(--wp--preset--spacing--70)\">\n<div class=\"wp-block-columns alignwide is-layout-flex wp-container-core-columns-is-layout-08a2a807 wp-block-columns-is-layout-flex\">\n<div class=\"wp-block-column is-vertically-aligned-center is-layout-flow wp-block-column-is-layout-flow\">\n<h2 class=\"wp-block-heading has-xx-large-font-size\">\u0110\u0103ng k\u00fd \u0111\u1ec3 c\u00f3 quy\u1ec1n truy c\u1eadp kh\u00f4ng gi\u1edbi h\u1ea1n<\/h2>\n\n\n\n<ul style=\"margin-top:var(--wp--preset--spacing--40);margin-bottom:var(--wp--preset--spacing--40);padding-left:var(--wp--preset--spacing--30)\" class=\"wp-block-list is-style-checkmark-list\">\n<li class=\"has-medium-font-size\">Nh\u1eadn quy\u1ec1n truy c\u1eadp v\u00e0o c\u00e1c b\u00e0i vi\u1ebft tr\u1ea3 ph\u00ed v\u00e0 b\u1ea3n tin h\u00e0ng tu\u1ea7n c\u1ee7a ch\u00fang t\u00f4i.<\/li>\n\n\n\n<li class=\"has-medium-font-size\">Tham gia c\u00e1c s\u1ef1 ki\u1ec7n tr\u1ef1c ti\u1ebfp c\u1ee7a ch\u00fang t\u00f4i.<\/li>\n\n\n\n<li class=\"has-medium-font-size\">Nh\u1eadn m\u1ed9t t\u00fai tote mi\u1ec5n ph\u00ed.<\/li>\n\n\n\n<li class=\"has-medium-font-size\">M\u1ed9t b\u1ed5 sung tao nh\u00e3 cho b\u1ed9 s\u01b0u t\u1eadp trang tr\u00ed nh\u00e0 c\u1eeda.<\/li>\n\n\n\n<li class=\"has-medium-font-size\">Tham gia di\u1ec5n \u0111\u00e0n c\u1ee7a ch\u00fang t\u00f4i.<\/li>\n<\/ul>\n\n\n\n<div class=\"wp-block-buttons is-content-justification-left is-nowrap is-layout-flex wp-container-core-buttons-is-layout-92e17da2 wp-block-buttons-is-layout-flex\">\n<div class=\"wp-block-button is-style-fill\"><a class=\"wp-block-button__link wp-element-button\">\u0110\u0103ng k\u00fd<\/a><\/div>\n\n\n\n<div class=\"wp-block-button is-style-outline is-style-outline--4\"><a class=\"wp-block-button__link wp-element-button\">Xem g\u00f3i d\u1ecbch v\u1ee5<\/a><\/div>\n<\/div>\n\n\n\n<p class=\"has-small-font-size\">H\u1ee7y ho\u1eb7c t\u1ea1m d\u1eebng b\u1ea5t c\u1ee9 l\u00fac n\u00e0o.<\/p>\n<\/div>\n\n\n\n<div class=\"wp-block-column is-vertically-aligned-center is-layout-flow wp-block-column-is-layout-flow\">\n<figure class=\"wp-block-image size-full\"><img decoding=\"async\" src=\"https:\/\/vn.titocity.com\/u\/wp-content\/themes\/twentytwentyfive\/assets\/images\/services-subscriber-photo.webp\" alt=\"\u0110i\u1ec7n tho\u1ea1i th\u00f4ng minh ch\u1ee5p m\u1ed9t \u0111\u1ed3ng c\u1ecf hoa d\u1ea1i tuy\u1ec7t \u0111\u1eb9p v\u1edbi c\u00e2y c\u1ed1i\"\/><\/figure>\n<\/div>\n<\/div>\n<\/div>\n\n\n<div class=\"logged-out wp-block-loginout\"><a href=\"https:\/\/vn.titocity.com\/u\/wp-login.php?redirect_to=https%3A%2F%2Fvn.titocity.com%2Fu%2Fwp-json%2Fwp%2Fv2%2Fpages%2F15\">\u0110\u0103ng nh\u1eadp<\/a><\/div>","protected":false},"excerpt":{"rendered":"<p>TVHK Single Enrich our growing community. Family Support special exhibitions. Patron Take support to the next level. \u0110\u0103ng k\u00fd \u0111\u1ec3 c\u00f3 quy\u1ec1n truy c\u1eadp kh\u00f4ng gi\u1edbi h\u1ea1n H\u1ee7y ho\u1eb7c t\u1ea1m d\u1eebng b\u1ea5t c\u1ee9 l\u00fac n\u00e0o.<\/p>\n","protected":false},"author":1,"featured_media":0,"parent":0,"menu_order":0,"comment_status":"closed","ping_status":"closed","template":"blank","meta":{"footnotes":""},"class_list":["post-15","page","type-page","status-publish","hentry"],"_links":{"self":[{"href":"https:\/\/vn.titocity.com\/u\/wp-json\/wp\/v2\/pages\/15","targetHints":{"allow":["GET"]}}],"collection":[{"href":"https:\/\/vn.titocity.com\/u\/wp-json\/wp\/v2\/pages"}],"about":[{"href":"https:\/\/vn.titocity.com\/u\/wp-json\/wp\/v2\/types\/page"}],"author":[{"embeddable":true,"href":"https:\/\/vn.titocity.com\/u\/wp-json\/wp\/v2\/users\/1"}],"replies":[{"embeddable":true,"href":"https:\/\/vn.titocity.com\/u\/wp-json\/wp\/v2\/comments?post=15"}],"version-history":[{"count":5,"href":"https:\/\/vn.titocity.com\/u\/wp-json\/wp\/v2\/pages\/15\/revisions"}],"predecessor-version":[{"id":26,"href":"https:\/\/vn.titocity.com\/u\/wp-json\/wp\/v2\/pages\/15\/revisions\/26"}],"wp:attachment":[{"href":"https:\/\/vn.titocity.com\/u\/wp-json\/wp\/v2\/media?parent=15"}],"curies":[{"name":"wp","href":"https:\/\/api.w.org\/{rel}","templated":true}]}}