{"id":2,"date":"2025-10-08T12:48:02","date_gmt":"2025-10-08T12:48:02","guid":{"rendered":"https:\/\/tk-networks.phuchai.com\/tvhk\/?page_id=2"},"modified":"2025-10-17T00:03:34","modified_gmt":"2025-10-17T00:03:34","slug":"trang-chu","status":"publish","type":"page","link":"https:\/\/vn.titocity.com\/tvhk\/","title":{"rendered":"Tr\u00ecnh V\u0169 H\u1ea3i Khang"},"content":{"rendered":"\n<p class=\"has-text-align-center\" style=\"font-size:clamp(1.198rem, 1.198rem + ((1vw - 0.2rem) * 1.276), 1.9rem);\"><strong>H\u00d9NG C\u01af\u1edcNG. TH\u1ecaNH V\u01af\u1ee2NG<\/strong><\/p>\n\n\n\n<figure class=\"wp-block-image aligncenter size-full\"><img loading=\"lazy\" decoding=\"async\" width=\"2560\" height=\"1440\" src=\"https:\/\/vn.titocity.com\/tvhk\/wp-content\/uploads\/solaris\/tk\/tk-networks\/sites\/14\/2025\/10\/1000014069.png\" alt=\"\" class=\"wp-image-23\" srcset=\"https:\/\/vn.titocity.com\/tvhk\/wp-content\/uploads\/solaris\/tk\/tk-networks\/sites\/14\/2025\/10\/1000014069.png 2560w, https:\/\/vn.titocity.com\/tvhk\/wp-content\/uploads\/solaris\/tk\/tk-networks\/sites\/14\/2025\/10\/1000014069-300x169.png 300w, https:\/\/vn.titocity.com\/tvhk\/wp-content\/uploads\/solaris\/tk\/tk-networks\/sites\/14\/2025\/10\/1000014069-1024x576.png 1024w, https:\/\/vn.titocity.com\/tvhk\/wp-content\/uploads\/solaris\/tk\/tk-networks\/sites\/14\/2025\/10\/1000014069-768x432.png 768w, https:\/\/vn.titocity.com\/tvhk\/wp-content\/uploads\/solaris\/tk\/tk-networks\/sites\/14\/2025\/10\/1000014069-1536x864.png 1536w, https:\/\/vn.titocity.com\/tvhk\/wp-content\/uploads\/solaris\/tk\/tk-networks\/sites\/14\/2025\/10\/1000014069-2048x1152.png 2048w\" sizes=\"auto, (max-width: 2560px) 100vw, 2560px\" \/><\/figure>\n\n\n\n<p class=\"has-text-align-center\"><strong>T\u1ef0 H\u00c0O L\u00c0 NG\u01af\u1edcI VI\u1ec6T NAM<\/strong><\/p>\n\n\n\n<p class=\"has-text-align-center has-small-font-size\"><strong>2026-04-21 vn.titocity.com\/tvhk<\/strong><\/p>\n\n\n\n<p class=\"has-text-align-center\" style=\"font-size:clamp(4.16rem, 4.16rem + ((1vw - 0.2rem) * 8.8), 9rem);\">\u2665\ufe0f<\/p>\n\n\n\n<p class=\"has-large-font-size\">C\u00f3 \u00fd th\u1ee9c r\u1ea5t s\u00e2u s\u1eafc v\u1ec1 th\u1eddi \u0111\u1ea1i. Ti\u1ebfp thu tinh th\u1ea7n v\u00e0 truy\u1ec1n th\u1ed1ng c\u00e1ch m\u1ea1ng, \u0111\u1eb7t v\u00e0o trong b\u1ed1i c\u1ea3nh m\u1edbi &#8211; th\u1eddi \u0111\u1ea1i s\u1ed1, \u0111i\u1ec7n to\u00e1n th\u00f4ng minh, tr\u00ed tu\u1ec7 nh\u00e2n t\u1ea1o, k\u1ef7 nguy\u00ean Vi\u1ec7t Nam v\u01b0\u01a1n m\u00ecnh h\u00f9ng c\u01b0\u1eddng th\u1ecbnh v\u01b0\u1ee3ng. <\/p>\n\n\n\n<p class=\"has-large-font-size\">L\u00e0 m\u1ed9t con ng\u01b0\u1eddi \u0111\u1ec1 cao tr\u01b0\u1edbc nh\u1ea5t l\u00e0 m\u1ed9t tr\u00e1i tim \u0111\u1ee7 l\u1edbn. Mang b\u00ean trong m\u00ecnh d\u00f2ng m\u00e1u L\u1ea1c H\u1ed3ng, t\u1ed5 ti\u00ean c\u1ee7a m\u00ecnh l\u00e0 Ng\u01b0\u1eddi L\u1ea1c Vi\u1ec7t, d\u00e2n t\u1ed9c c\u1ee7a m\u00ecnh l\u00e0 \u0110\u1ea1i Vi\u1ec7t, qu\u1ed1c gia c\u1ee7a m\u00ecnh l\u00e0 Vi\u1ec7t Nam. B\u1ea3n th\u00e2n th\u1ea5y r\u1ea5t r\u00f5 m\u00ecnh \u0111\u1ee9ng tr\u00ean con thuy\u1ec1n l\u1edbn, \u0111i tr\u00ean d\u00f2ng ch\u1ea3y l\u1edbn cu\u1ed9n ch\u1ea3y su\u1ed1t h\u01a1n 4000 n\u0103m qua. Qu\u00e1 kh\u1ee9, hi\u1ec7n t\u1ea1i, v\u00e0 t\u01b0\u01a1ng lai ho\u00e0 v\u00e0o l\u00e0m m\u1ed9t, t\u1ea1i n\u01a1i \u0111\u00e2y, ngay l\u00fac n\u00e0y. <\/p>\n\n\n\n<p>Vinh quang Vi\u1ec7t Nam. T\u1ef1 h\u00e0o Vi\u1ec7t Nam. H\u1ea1nh ph\u00fac Vi\u1ec7t Nam. Th\u00e0nh c\u00f4ng Vi\u1ec7t Nam. Qu\u1ed1c gia c\u01b0\u1eddng th\u1ecbnh. D\u00e2n t\u1ed9c tr\u01b0\u1eddng t\u1ed3n.<\/p>\n\n\n\n<p>08.10.2025, H\u00e0 N\u1ed9i <\/p>\n\n\n\n<p>Tr\u00ecnh V\u0169 H\u1ea3i Khang, Founder<\/p>\n\n\n\n<div style=\"height:19px\" aria-hidden=\"true\" class=\"wp-block-spacer\"><\/div>\n\n\n<div class=\"logged-out wp-block-loginout\"><a href=\"https:\/\/vn.titocity.com\/tvhk\/wp-login.php?redirect_to=https%3A%2F%2Fvn.titocity.com%2Ftvhk%2Fwp-json%2Fwp%2Fv2%2Fpages%2F2\">\u0110\u0103ng nh\u1eadp<\/a><\/div>\n\n\n<div style=\"height:19px\" aria-hidden=\"true\" class=\"wp-block-spacer\"><\/div>\n\n\n\n<div style=\"height:28px\" aria-hidden=\"true\" class=\"wp-block-spacer\"><\/div>\n","protected":false},"excerpt":{"rendered":"<p>H\u00d9NG C\u01af\u1edcNG. TH\u1ecaNH V\u01af\u1ee2NG T\u1ef0 H\u00c0O L\u00c0 NG\u01af\u1edcI VI\u1ec6T NAM vn.titocity.com\/tvhk \u2665\ufe0f C\u00f3 \u00fd th\u1ee9c r\u1ea5t s\u00e2u s\u1eafc v\u1ec1 th\u1eddi \u0111\u1ea1i. Ti\u1ebfp thu tinh th\u1ea7n v\u00e0 truy\u1ec1n th\u1ed1ng c\u00e1ch m\u1ea1ng, \u0111\u1eb7t v\u00e0o trong b\u1ed1i c\u1ea3nh m\u1edbi &#8211; th\u1eddi \u0111\u1ea1i s\u1ed1, \u0111i\u1ec7n to\u00e1n th\u00f4ng minh, tr\u00ed tu\u1ec7 nh\u00e2n t\u1ea1o, k\u1ef7 nguy\u00ean Vi\u1ec7t Nam v\u01b0\u01a1n m\u00ecnh h\u00f9ng [&hellip;]<\/p>\n","protected":false},"author":1,"featured_media":0,"parent":0,"menu_order":0,"comment_status":"closed","ping_status":"closed","template":"blank","meta":{"footnotes":""},"class_list":["post-2","page","type-page","status-publish","hentry"],"_links":{"self":[{"href":"https:\/\/vn.titocity.com\/tvhk\/wp-json\/wp\/v2\/pages\/2","targetHints":{"allow":["GET"]}}],"collection":[{"href":"https:\/\/vn.titocity.com\/tvhk\/wp-json\/wp\/v2\/pages"}],"about":[{"href":"https:\/\/vn.titocity.com\/tvhk\/wp-json\/wp\/v2\/types\/page"}],"author":[{"embeddable":true,"href":"https:\/\/vn.titocity.com\/tvhk\/wp-json\/wp\/v2\/users\/1"}],"replies":[{"embeddable":true,"href":"https:\/\/vn.titocity.com\/tvhk\/wp-json\/wp\/v2\/comments?post=2"}],"version-history":[{"count":18,"href":"https:\/\/vn.titocity.com\/tvhk\/wp-json\/wp\/v2\/pages\/2\/revisions"}],"predecessor-version":[{"id":36,"href":"https:\/\/vn.titocity.com\/tvhk\/wp-json\/wp\/v2\/pages\/2\/revisions\/36"}],"wp:attachment":[{"href":"https:\/\/vn.titocity.com\/tvhk\/wp-json\/wp\/v2\/media?parent=2"}],"curies":[{"name":"wp","href":"https:\/\/api.w.org\/{rel}","templated":true}]}}