{"id":2,"date":"2025-10-22T11:19:33","date_gmt":"2025-10-22T11:19:33","guid":{"rendered":"https:\/\/tk-networks.phuchai.com\/taikhangvuong\/?page_id=2"},"modified":"2025-10-22T18:00:43","modified_gmt":"2025-10-22T18:00:43","slug":"trang-mau","status":"publish","type":"page","link":"https:\/\/vn.titocity.com\/taikhangvuong\/","title":{"rendered":"Trang m\u1eabu"},"content":{"rendered":"\n<p class=\"has-x-large-font-size\">TITO l\u00e0 bi\u1ec7t danh c\u1ee7a T\u00c0I KHANG V\u01af\u01a0NG \u96c4\u4e3b \u5927\u5bcc\u8c6a<\/p>\n\n\n\n<p><\/p>\n\n\n\n<p class=\"has-large-font-size\">TITO \u2013 H\u00f9ng ch\u1ee7 \u0111\u1ea1i ph\u00fa, d\u1eabn l\u1ed1i th\u1ecbnh v\u01b0\u1ee3ng<\/p>\n\n\n\n<p><strong>TITO<\/strong>: l\u00e0 bi\u1ec7t danh ng\u1eafn g\u1ecdn, d\u1ec5 nh\u1edb, g\u1ee3i c\u1ea3m gi\u00e1c hi\u1ec7n \u0111\u1ea1i, c\u00f4ng ngh\u1ec7, qu\u1ed1c t\u1ebf.<\/p>\n\n\n\n<p><strong>T\u00c0I KHANG V\u01af\u01a0NG (\u96c4\u4e3b \u5927\u5bcc\u8c6a)<\/strong><\/p>\n\n\n\n<p>\u96c4\u4e3b H\u00f9ng ch\u1ee7 \u2014 ng\u01b0\u1eddi l\u00e3nh \u0111\u1ea1o m\u1ea1nh m\u1ebd, t\u00e0i n\u0103ng, b\u1ea3n l\u0129nh, c\u00f3 ch\u00ed l\u1edbn.<\/p>\n\n\n\n<p>\u5927\u5bcc\u8c6a \u0110\u1ea1i ph\u00fa h\u00e0o \u2014 ng\u01b0\u1eddi c\u1ef1c k\u1ef3 gi\u00e0u c\u00f3, th\u00e0nh c\u00f4ng v\u01b0\u1ee3t tr\u1ed9i.<\/p>\n\n\n\n<p>Khi gh\u00e9p l\u1ea1i, \u201cTITO l\u00e0 bi\u1ec7t danh c\u1ee7a T\u00c0I KHANG V\u01af\u01a0NG \u96c4\u4e3b \u5927\u5bcc\u8c6a\u201d mang \u00fd ngh\u0129a:<\/p>\n\n\n\n<blockquote class=\"wp-block-quote is-layout-flow wp-block-quote-is-layout-flow\">\n<p class=\"has-large-font-size\">\u201cTITO\u201d l\u00e0 danh x\u01b0ng bi\u1ec3u tr\u01b0ng cho m\u1ed9t <strong>nh\u00e0 l\u00e3nh \u0111\u1ea1o h\u00f9ng m\u1ea1nh v\u00e0 \u0111\u1ea1i ph\u00fa<\/strong>, ng\u01b0\u1eddi l\u00e0m ch\u1ee7 v\u1eadn m\u1ec7nh v\u00e0 th\u1ecbnh v\u01b0\u1ee3ng \u2014 m\u1ed9t bi\u1ec3u t\u01b0\u1ee3ng c\u1ee7a <strong>quy\u1ec1n l\u1ef1c, tr\u00ed tu\u1ec7 v\u00e0 t\u00e0i ph\u00fa<\/strong>.<\/p>\n<\/blockquote>\n\n\n\n<p><\/p>\n\n\n\n<div style=\"height:18px\" aria-hidden=\"true\" class=\"wp-block-spacer\"><\/div>\n\n\n\n<p>TITO \u2013 H\u00f9ng ch\u1ee7 \u0111\u1ea1i ph\u00fa, d\u1eabn l\u1ed1i th\u1ecbnh v\u01b0\u1ee3ng<\/p>\n\n\n\n<div style=\"height:18px\" aria-hidden=\"true\" class=\"wp-block-spacer\"><\/div>\n\n\n\n<p style=\"font-size:clamp(4.16rem, 4.16rem + ((1vw - 0.2rem) * 8.8), 9rem);\"><strong>\u8ca1\u5eb7\u738b<\/strong><\/p>\n\n\n\n<p class=\"has-small-font-size\">2026-04-21 vn.titocity.com\/taikhangvuong<\/p>\n\n\n<div class=\"logged-out wp-block-loginout\"><a href=\"https:\/\/vn.titocity.com\/taikhangvuong\/wp-login.php?redirect_to=https%3A%2F%2Fvn.titocity.com%2Ftaikhangvuong%2Fwp-json%2Fwp%2Fv2%2Fpages%2F2\">\u0110\u0103ng nh\u1eadp<\/a><\/div>\n\n\n<p>\u2190&nbsp;<a href=\"https:\/\/vn.titocity.com\/\">trang ch\u1ee7 vn.titocity.com<\/a> \/ <a href=\"https:\/\/vn.titocity.com\/taikhang\/\">t\u00e0i khang<\/a><\/p>\n\n\n\n<div style=\"height:20px\" aria-hidden=\"true\" class=\"wp-block-spacer\"><\/div>\n","protected":false},"excerpt":{"rendered":"<p>TITO l\u00e0 bi\u1ec7t danh c\u1ee7a T\u00c0I KHANG V\u01af\u01a0NG \u96c4\u4e3b \u5927\u5bcc\u8c6a TITO \u2013 H\u00f9ng ch\u1ee7 \u0111\u1ea1i ph\u00fa, d\u1eabn l\u1ed1i th\u1ecbnh v\u01b0\u1ee3ng TITO: l\u00e0 bi\u1ec7t danh ng\u1eafn g\u1ecdn, d\u1ec5 nh\u1edb, g\u1ee3i c\u1ea3m gi\u00e1c hi\u1ec7n \u0111\u1ea1i, c\u00f4ng ngh\u1ec7, qu\u1ed1c t\u1ebf. T\u00c0I KHANG V\u01af\u01a0NG (\u96c4\u4e3b \u5927\u5bcc\u8c6a) \u96c4\u4e3b H\u00f9ng ch\u1ee7 \u2014 ng\u01b0\u1eddi l\u00e3nh \u0111\u1ea1o m\u1ea1nh m\u1ebd, t\u00e0i n\u0103ng, b\u1ea3n l\u0129nh, [&hellip;]<\/p>\n","protected":false},"author":1,"featured_media":0,"parent":0,"menu_order":0,"comment_status":"closed","ping_status":"open","template":"blank","meta":{"footnotes":""},"class_list":["post-2","page","type-page","status-publish","hentry"],"_links":{"self":[{"href":"https:\/\/vn.titocity.com\/taikhangvuong\/wp-json\/wp\/v2\/pages\/2","targetHints":{"allow":["GET"]}}],"collection":[{"href":"https:\/\/vn.titocity.com\/taikhangvuong\/wp-json\/wp\/v2\/pages"}],"about":[{"href":"https:\/\/vn.titocity.com\/taikhangvuong\/wp-json\/wp\/v2\/types\/page"}],"author":[{"embeddable":true,"href":"https:\/\/vn.titocity.com\/taikhangvuong\/wp-json\/wp\/v2\/users\/1"}],"replies":[{"embeddable":true,"href":"https:\/\/vn.titocity.com\/taikhangvuong\/wp-json\/wp\/v2\/comments?post=2"}],"version-history":[{"count":7,"href":"https:\/\/vn.titocity.com\/taikhangvuong\/wp-json\/wp\/v2\/pages\/2\/revisions"}],"predecessor-version":[{"id":17,"href":"https:\/\/vn.titocity.com\/taikhangvuong\/wp-json\/wp\/v2\/pages\/2\/revisions\/17"}],"wp:attachment":[{"href":"https:\/\/vn.titocity.com\/taikhangvuong\/wp-json\/wp\/v2\/media?parent=2"}],"curies":[{"name":"wp","href":"https:\/\/api.w.org\/{rel}","templated":true}]}}