{"id":2,"date":"2025-10-21T18:26:37","date_gmt":"2025-10-21T11:26:37","guid":{"rendered":"https:\/\/vn.titocity.com\/fortune\/?page_id=2"},"modified":"2025-10-23T00:58:03","modified_gmt":"2025-10-22T17:58:03","slug":"total-triumph","status":"publish","type":"page","link":"https:\/\/vn.titocity.com\/taikhang\/","title":{"rendered":"Total Triumph"},"content":{"rendered":"\n<p class=\"has-text-align-center\" style=\"font-size:clamp(1.301rem, 1.301rem + ((1vw - 0.2rem) * 1.453), 2.1rem);\"><strong>T\u00c0I KHANG V\u01af\u01a0NG \u96c4\u4e3b \u5927\u5bcc\u8c6a<\/strong><\/p>\n\n\n\n<figure class=\"wp-block-image size-full has-custom-border\"><img loading=\"lazy\" decoding=\"async\" width=\"2560\" height=\"1440\" src=\"https:\/\/tk-networks.phuchai.com\/hongvu\/wp-content\/uploads\/solaris\/tk\/tk-networks\/sites\/139\/2025\/10\/1000014069.png\" alt=\"\" class=\"wp-image-12\" style=\"border-radius:10px\" srcset=\"https:\/\/vn.titocity.com\/taikhang\/wp-content\/uploads\/solaris\/tk\/tk-networks\/sites\/139\/2025\/10\/1000014069.png 2560w, https:\/\/vn.titocity.com\/taikhang\/wp-content\/uploads\/solaris\/tk\/tk-networks\/sites\/139\/2025\/10\/1000014069-300x169.png 300w, https:\/\/vn.titocity.com\/taikhang\/wp-content\/uploads\/solaris\/tk\/tk-networks\/sites\/139\/2025\/10\/1000014069-1024x576.png 1024w, https:\/\/vn.titocity.com\/taikhang\/wp-content\/uploads\/solaris\/tk\/tk-networks\/sites\/139\/2025\/10\/1000014069-768x432.png 768w, https:\/\/vn.titocity.com\/taikhang\/wp-content\/uploads\/solaris\/tk\/tk-networks\/sites\/139\/2025\/10\/1000014069-1536x864.png 1536w, https:\/\/vn.titocity.com\/taikhang\/wp-content\/uploads\/solaris\/tk\/tk-networks\/sites\/139\/2025\/10\/1000014069-2048x1152.png 2048w\" sizes=\"auto, (max-width: 2560px) 100vw, 2560px\" \/><\/figure>\n\n\n\n<h2 class=\"wp-block-heading has-text-align-center\" style=\"font-size:clamp(1.301rem, 1.301rem + ((1vw - 0.2rem) * 1.453), 2.1rem);\"><strong>BOSS JEFF T\u00c0I KHANG<\/strong><\/h2>\n\n\n\n<p class=\"has-text-align-center has-small-font-size\"><strong>2026-04-21 vn.titocity.com\/taikhang<\/strong><\/p>\n\n\n\n<div style=\"height:16px\" aria-hidden=\"true\" class=\"wp-block-spacer\"><\/div>\n\n\n\n<h1 class=\"wp-block-heading has-text-align-center\" style=\"font-size:clamp(4.846rem, 4.846rem + ((1vw - 0.2rem) * 11.189), 11rem);\"><strong>\u6069\u5a01\u5fb7<\/strong><\/h1>\n\n\n\n<p class=\"has-text-align-center has-small-font-size\"><strong>\u00c2N UY \u0110\u1ee8C<\/strong><\/p>\n\n\n\n<div style=\"height:13px\" aria-hidden=\"true\" class=\"wp-block-spacer\"><\/div>\n\n\n\n<h2 class=\"wp-block-heading has-text-align-center\"><strong>NH\u1eacT QUANG TR\u01af\u1edcNG H\u1ea2I<\/strong><\/h2>\n\n\n\n<p class=\"has-text-align-center\"><strong>CH\u1ee8C QUY\u1ec0N. C\u00d4NG DANH. T\u00c0I L\u1ed8C<\/strong><\/p>\n\n\n\n<p class=\"has-text-align-center\"><strong>\u6709\u4eba\u65af\u6709\u571f\uff0c\u6709\u571f\u65af\u6709\u8ca1\u3002H\u1eefu nh\u00e2n t\u01b0 h\u1eefu th\u1ed5, h\u1eefu th\u1ed5 t\u01b0 h\u1eefu t\u00e0i<\/strong><\/p>\n\n\n\n<figure class=\"wp-block-image aligncenter size-large\"><img decoding=\"async\" src=\"https:\/\/phuchai.com\/wp-content\/uploads\/solaris\/bb\/bb-vip\/sites\/54\/2025\/08\/1000005250.jpg\" alt=\"\"\/><\/figure>\n\n\n\n<p class=\"has-text-align-left\">CH\u1ee6 NGH\u0128A K\u1eba M\u1ea0NH. TRI\u1ebeT H\u1eccC HI\u1ec6N TH\u1ef0C \u0110\u1ed4I M\u1edaI. N\u1ec0N T\u1ea2NG T\u01af T\u01af\u1edeNG TR\u00ccNH V\u0168 H\u1ea2I KHANG. C\u00c1CH M\u1ea0NG S\u1ed0. NG\u01af\u1edcI C\u00c1CH M\u1ea0NG TRONG B\u1ed0I C\u1ea2NH TH\u1edcI \u0110\u1ea0I S\u1ed0, H\u1ed8I NH\u1eacP \u0110A PH\u01af\u01a0NG<\/p>\n\n\n\n<p><\/p>\n\n\n\n<div style=\"height:15px\" aria-hidden=\"true\" class=\"wp-block-spacer\"><\/div>\n\n\n\n<figure class=\"wp-block-image alignfull size-full\"><a href=\"https:\/\/khangtaichu.vn\" target=\"_blank\" rel=\" noreferrer noopener\"><img loading=\"lazy\" decoding=\"async\" width=\"2533\" height=\"2049\" src=\"https:\/\/tt.pro.vn\/wp-content\/uploads\/solaris\/tk\/tk-networks\/sites\/139\/2025\/10\/1000013987.png\" alt=\"\" class=\"wp-image-46\" srcset=\"https:\/\/vn.titocity.com\/taikhang\/wp-content\/uploads\/solaris\/tk\/tk-networks\/sites\/139\/2025\/10\/1000013987.png 2533w, https:\/\/vn.titocity.com\/taikhang\/wp-content\/uploads\/solaris\/tk\/tk-networks\/sites\/139\/2025\/10\/1000013987-300x243.png 300w, https:\/\/vn.titocity.com\/taikhang\/wp-content\/uploads\/solaris\/tk\/tk-networks\/sites\/139\/2025\/10\/1000013987-1024x828.png 1024w, https:\/\/vn.titocity.com\/taikhang\/wp-content\/uploads\/solaris\/tk\/tk-networks\/sites\/139\/2025\/10\/1000013987-768x621.png 768w, https:\/\/vn.titocity.com\/taikhang\/wp-content\/uploads\/solaris\/tk\/tk-networks\/sites\/139\/2025\/10\/1000013987-1536x1243.png 1536w, https:\/\/vn.titocity.com\/taikhang\/wp-content\/uploads\/solaris\/tk\/tk-networks\/sites\/139\/2025\/10\/1000013987-2048x1657.png 2048w\" sizes=\"auto, (max-width: 2533px) 100vw, 2533px\" \/><\/a><\/figure>\n\n\n\n<h2 class=\"wp-block-heading has-text-align-left\" style=\"font-size:clamp(1.092rem, 1.092rem + ((1vw - 0.2rem) * 1.105), 1.7rem);\"><strong>KHANG T\u00c0I CH\u1ee6 COMMONWEALTH<\/strong><\/h2>\n\n\n\n<blockquote class=\"wp-block-quote is-layout-flow wp-block-quote-is-layout-flow\">\n<p><\/p>\n<\/blockquote>\n\n\n\n<p><\/p>\n\n\n\n<div style=\"height:17px\" aria-hidden=\"true\" class=\"wp-block-spacer\"><\/div>\n\n\n\n<h3 class=\"wp-block-heading\">\u0110i\u1ec3m nh\u1ea5n<\/h3>\n\n\n<ul class=\"list-point\"><li><a href=\"https:\/\/vn.titocity.com\/taikhang\/point\/tt-dynamic-open\/\">H\u1ec7 t\u01b0 t\u01b0\u1edfng TT: Dynamic &#038; Open<\/a><\/li><li><a href=\"https:\/\/vn.titocity.com\/taikhang\/point\/tt-think-tomorrow\/\">TT = Think Tomorrow: Ngh\u0129 v\u1ec1 ng\u00e0y mai<\/a><\/li><li><a href=\"https:\/\/vn.titocity.com\/taikhang\/point\/tt-talent-triumph\/\">TT = Talent Triumph: T\u00e0i n\u0103ng chi\u1ebfn th\u1eafng<\/a><\/li><li><a href=\"https:\/\/vn.titocity.com\/taikhang\/point\/tt-tech-transformation\/\">TT = Tech Transformation: Chuy\u1ec3n \u0111\u1ed5i c\u00f4ng ngh\u1ec7<\/a><\/li><li><a href=\"https:\/\/vn.titocity.com\/taikhang\/point\/tt-trust-thrive\/\">TT = Trust &#038; Thrive: Tin t\u01b0\u1edfng \u0111\u1ec3 ph\u00e1t tri\u1ec3n<\/a><\/li><li><a href=\"https:\/\/vn.titocity.com\/taikhang\/point\/tt-tech-thrive\/\">TT = Tech &#038; Thrive: C\u00f4ng ngh\u1ec7 v\u00e0 Th\u1ecbnh v\u01b0\u1ee3ng<\/a><\/li><li><a href=\"https:\/\/vn.titocity.com\/taikhang\/point\/tt-think-triumph\/\">TT = Think &#038; Triumph: T\u01b0 duy v\u00e0 Chi\u1ebfn th\u1eafng<\/a><\/li><li><a href=\"https:\/\/vn.titocity.com\/taikhang\/point\/tt-talent-technology\/\">TT = Talent &#038; Technology: T\u00e0i n\u0103ng v\u00e0 C\u00f4ng ngh\u1ec7<\/a><\/li><li><a href=\"https:\/\/vn.titocity.com\/taikhang\/point\/tt-thought-to-triumph\/\">TT = Thought to Triumph: T\u01b0 duy \u0111\u1ec3 Chi\u1ebfn th\u1eafng<\/a><\/li><li><a href=\"https:\/\/vn.titocity.com\/taikhang\/point\/tt-thrive-together\/\">TT = Thrive Together: C\u00f9ng nhau th\u1ecbnh v\u01b0\u1ee3ng<\/a><\/li><li><a href=\"https:\/\/vn.titocity.com\/taikhang\/point\/tt-trust-to-thrive\/\">TT = Trust to Thrive: Tin t\u01b0\u1edfng \u0111\u1ec3 th\u1ecbnh v\u01b0\u1ee3ng<\/a><\/li><li><a href=\"https:\/\/vn.titocity.com\/taikhang\/point\/tt-thrive-through\/\">TT = Thrive Through: V\u01b0\u1ee3t l\u00ean \u0111\u1ec3 ph\u00e1t tri\u1ec3n<\/a><\/li><li><a href=\"https:\/\/vn.titocity.com\/taikhang\/point\/tt-total-triumph\/\">TT = Total Triumph: Chi\u1ebfn th\u1eafng to\u00e0n di\u1ec7n<\/a><\/li><li><a href=\"https:\/\/vn.titocity.com\/taikhang\/point\/tt-thrive-technology\/\">TT = Thrive Technology: C\u00f4ng ngh\u1ec7 th\u1ecbnh v\u01b0\u1ee3ng<\/a><\/li><li><a href=\"https:\/\/vn.titocity.com\/taikhang\/point\/tt-tech-thought\/\">TT = Tech Thought: T\u01b0 duy c\u00f4ng ngh\u1ec7<\/a><\/li><li><a href=\"https:\/\/vn.titocity.com\/taikhang\/point\/tt-tech-titans\/\">TT = Tech Titans: Nh\u1eefng ng\u01b0\u1eddi kh\u1ed5ng l\u1ed3 c\u00f4ng ngh\u1ec7<\/a><\/li><li><a href=\"https:\/\/vn.titocity.com\/taikhang\/point\/tt-tech-triumph\/\">TT = Tech Triumph: Chi\u1ebfn th\u1eafng c\u1ee7a c\u00f4ng ngh\u1ec7<\/a><\/li><li><a href=\"https:\/\/vn.titocity.com\/taikhang\/point\/tt-technological-thinking\/\">TT = Technological Thinking: T\u01b0 duy c\u00f4ng ngh\u1ec7 h\u00f3a<\/a><\/li><li><a href=\"https:\/\/vn.titocity.com\/taikhang\/point\/tt-think-tech\/\">TT = Think Tech: Ngh\u0129 theo h\u01b0\u1edbng c\u00f4ng ngh\u1ec7<\/a><\/li><li><a href=\"https:\/\/vn.titocity.com\/taikhang\/point\/tt-true-thought\/\">TT = True Thought: T\u01b0 duy ch\u00e2n th\u1ef1c<\/a><\/li><li><a href=\"https:\/\/vn.titocity.com\/taikhang\/point\/tt-tough-thinking\/\">TT = Tough Thinking: T\u01b0 duy ki\u00ean c\u01b0\u1eddng<\/a><\/li><li><a href=\"https:\/\/vn.titocity.com\/taikhang\/point\/tt-tactical-thought\/\">TT = Tactical Thought: T\u01b0 duy chi\u1ebfn l\u01b0\u1ee3c<\/a><\/li><li><a href=\"https:\/\/vn.titocity.com\/taikhang\/point\/tt-titan-thought\/\">TT = Titan Thought: Tr\u00ed tu\u1ec7 kh\u1ed5ng l\u1ed3<\/a><\/li><\/ul>\n\n\n\n<div style=\"height:14px\" aria-hidden=\"true\" class=\"wp-block-spacer\"><\/div>\n\n\n\n<h3 class=\"wp-block-heading\">B\u00e0i m\u1edbi \u0111\u0103ng<\/h3>\n\n\n<ul class=\"wp-post-list\"><li><a href=\"https:\/\/vn.titocity.com\/taikhang\/1\/tai-khang-vuong\/\">T\u00c0I KHANG V\u01af\u01a0NG \u96c4\u4e3b \u5927\u5bcc\u8c6a<\/a><\/li><\/ul>\n\n\n\n<p><\/p>\n\n\n\n<div style=\"height:17px\" aria-hidden=\"true\" class=\"wp-block-spacer\"><\/div>\n\n\n\n<div style=\"height:10px\" aria-hidden=\"true\" class=\"wp-block-spacer\"><\/div>\n\n\n\n<p class=\"has-text-align-center\" style=\"font-size:clamp(3.426rem, 3.426rem + ((1vw - 0.2rem) * 6.498), 7rem);line-height:1\"><strong>\u798f\u797f \u9d3b\u7de3<\/strong><\/p>\n\n\n\n<p class=\"has-text-align-center has-small-font-size\">PH\u00daC L\u1ed8C H\u1ed2NG DUY\u00caN<\/p>\n\n\n\n<figure class=\"wp-block-image size-large has-custom-border\"><a href=\"https:\/\/vn.titocity.com\/bossjeff\/\" target=\"_blank\" rel=\" noreferrer noopener\"><img decoding=\"async\" src=\"https:\/\/titocity.com\/upload\/2025\/001\/1000004968.jpg\" alt=\"\" style=\"border-radius:10px\"\/><\/a><\/figure>\n\n\n\n<p>T\u00c0I CH\u1ee6 ANH H\u00d9NG \/ Boss Jeff TVHK<\/p>\n\n\n\n<p>BOSS JEFF \u0111i\u1ec1u h\u00e0nh <a href=\"https:\/\/vn.titocity.com\" target=\"_blank\" rel=\"noreferrer noopener\">TITO EMPIRE<\/a>. <a href=\"https:\/\/vn.titocity.com\/bossjeff\" target=\"_blank\" rel=\"noreferrer noopener\">vn.titocity.com\/bossjeff<\/a> \/ <a href=\"https:\/\/bossjeff.com\" target=\"_blank\" rel=\"noreferrer noopener\">bossjeff.com<\/a> \/ <a href=\"https:\/\/vn.titocity.com\/taikhangvuong\" target=\"_blank\" rel=\"noreferrer noopener\">vn.titocity.com\/taikhangvuong<\/a> \/ <a href=\"https:\/\/vn.titocity.com\/khangtaichu\" target=\"_blank\" rel=\"noreferrer noopener\">vn.titocity.com\/khangtaichu<\/a> \/ <a href=\"https:\/\/khangtaichu.com\" target=\"_blank\" rel=\"noreferrer noopener\">khangtaichu.com<\/a> \/ <a href=\"https:\/\/khangtaichu.vn\" target=\"_blank\" rel=\"noreferrer noopener\">khangtaichu.vn<\/a><\/p>\n\n\n\n<div style=\"height:15px\" aria-hidden=\"true\" class=\"wp-block-spacer\"><\/div>\n\n\n\n<h2 class=\"wp-block-heading has-text-align-center\" style=\"font-size:clamp(3.037rem, 3.037rem + ((1vw - 0.2rem) * 5.387), 6rem);\"><strong>\u706b\u5730\u6649<\/strong><\/h2>\n\n\n\n<p class=\"has-text-align-center has-small-font-size\">(21.10.2025)<\/p>\n\n\n\n<p class=\"has-text-align-right\" style=\"font-size:clamp(1.25rem, 1.25rem + ((1vw - 0.2rem) * 1.364), 2rem);\">M\u1ecdi ng\u01b0\u1eddi s\u1ebd g\u1ecdi Jeff l\u00e0 g\u00ec&#8230; l\u00e0 \u00f4ng ch\u1ee7, l\u00e0 doanh nh\u00e2n, th\u01b0\u01a1ng nh\u00e2n, ch\u1ee7 \u0111\u1ea7u t\u01b0, ch\u1ee7 th\u1ea7u, ch\u1ee7 t\u1ecbch, CEO, t\u00e1c gi\u1ea3, ng\u01b0\u1eddi ch\u01a1i, ch\u1ee7 nhi\u1ec7m, ch\u1ee7 tr\u00ec, ch\u1ee7 t\u01b0\u1edbng, ..v.v&#8230; Nh\u01b0 v\u1eady th\u00ec qu\u00e1 d\u00e0i. H\u00e3y g\u1ecdi Jeff l\u00e0 Khang T\u00e0i Ch\u1ee7. V\u00e0 b\u1edfi v\u00ec Jeff s\u00e1ng l\u1eadp Khang T\u00e0i Ch\u1ee7 Commonwealth cho n\u00ean h\u00e3y g\u1ecdi Jeff l\u00e0 Boss Jeff <\/p>\n\n\n\n<figure class=\"wp-block-image size-full\"><a href=\"https:\/\/vn.titocity.com\/\" target=\"_blank\" rel=\" noreferrer noopener\"><img loading=\"lazy\" decoding=\"async\" width=\"1080\" height=\"1082\" src=\"https:\/\/tk-networks.phuchai.com\/hongvu\/wp-content\/uploads\/solaris\/tk\/tk-networks\/sites\/139\/2025\/10\/1000015455.jpg\" alt=\"\" class=\"wp-image-185\" srcset=\"https:\/\/vn.titocity.com\/taikhang\/wp-content\/uploads\/solaris\/tk\/tk-networks\/sites\/139\/2025\/10\/1000015455.jpg 1080w, https:\/\/vn.titocity.com\/taikhang\/wp-content\/uploads\/solaris\/tk\/tk-networks\/sites\/139\/2025\/10\/1000015455-300x300.jpg 300w, https:\/\/vn.titocity.com\/taikhang\/wp-content\/uploads\/solaris\/tk\/tk-networks\/sites\/139\/2025\/10\/1000015455-1022x1024.jpg 1022w, https:\/\/vn.titocity.com\/taikhang\/wp-content\/uploads\/solaris\/tk\/tk-networks\/sites\/139\/2025\/10\/1000015455-150x150.jpg 150w, https:\/\/vn.titocity.com\/taikhang\/wp-content\/uploads\/solaris\/tk\/tk-networks\/sites\/139\/2025\/10\/1000015455-768x769.jpg 768w\" sizes=\"auto, (max-width: 1080px) 100vw, 1080px\" \/><\/a><\/figure>\n\n\n\n<p>Cu\u1ed9c s\u1ed1ng v\u1edbi \u0111\u1ea1i \u0111a s\u1ed1 m\u1ecdi ng\u01b0\u1eddi trong x\u00e3 h\u1ed9i l\u00e0 kh\u00f3 v\u00e0 kh\u1ed5. Boss Jeff t\u1eebng tr\u1ea3i qua nh\u1eefng n\u0103m th\u00e1ng nh\u01b0 v\u1eady n\u00ean hi\u1ec3u v\u00e0 th\u01b0\u01a1ng c\u1ea3m. Cu\u1ed9c \u0111\u1eddi l\u00e0 kh\u1ed5, nh\u01b0ng c\u0169ng hi\u1ec3u ra r\u1eb1ng kh\u1ed5 l\u00e0 nguy\u00ean li\u1ec7u \u0111\u1ea7u v\u00e0o cho t\u1ea1o ra h\u1ea1nh ph\u00fac v\u00e0 ph\u1ed3n vinh. M\u1ed7i ng\u01b0\u1eddi ch\u00fang ta, ai c\u0169ng g\u00e1nh m\u1ed9t v\u00e0i c\u00e1i kh\u1ed5 n\u00e0o \u0111\u00f3.<\/p>\n\n\n\n<p>Boss Jeff ti\u1ebfp c\u1eadn cu\u1ed9c s\u1ed1ng b\u1eb1ng c\u00e1i nh\u00ecn kh\u00e1ch quan v\u00e0 h\u00e0nh \u0111\u1ed9ng th\u1ef1c t\u1ebf. T\u1ea1o l\u1eadp c\u00e1c h\u1ea1 t\u1ea7ng, c\u00e1c n\u1ec1n t\u1ea3ng v\u1eadn h\u00e0nh qua m\u00f4i tr\u01b0\u1eddng s\u1ed1 gi\u00fap g\u00e1nh b\u1edbt nh\u1eefng c\u00e1i kh\u1ed5 \u1edf th\u1ebf gian<\/p>\n\n\n\n<p>___<\/p>\n\n\n\n<p class=\"has-large-font-size\">S\u1ef1 nghi\u1ec7p c\u1ee7a Tito Empire: b\u00e1ch ni\u00ean th\u1ecbnh th\u1ebf, \u0111\u1ea1i khang. <\/p>\n\n\n\n<p>Minh ch\u1ee7 Tr\u00ecnh V\u0169 gi\u1eef \u0111\u1ea1o l\u00fd H\u1ea3i Khang. Khang t\u00e0i ch\u1ee7 Boss Jeff n\u1eafm c\u01a1 nghi\u1ec7p T\u00e0i Khang<\/p>\n\n\n\n<p>Boss Ho\u00e0ng H\u1ea3i, t\u00f4n hi\u1ec7u l\u00e0 H\u1ea3i Khang V\u01b0\u01a1ng. Boss Jeff, t\u00f4n hi\u1ec7u l\u00e0 T\u00e0i Khang V\u01b0\u01a1ng<\/p>\n\n\n\n<p>Boss Ho\u00e0ng H\u1ea3i l\u00e0 c\u00e1nh tay tr\u00e1i c\u1ee7a Tr\u00ecnh V\u0169. Boss Jeff l\u00e0 c\u00e1nh tay ph\u1ea3i c\u1ee7a Tr\u00ecnh V\u0169.<\/p>\n\n\n\n<p class=\"has-text-align-left\">Gi\u1eef \u0111\u1ea1o l\u00fd, qu\u1ea3n c\u01a1 nghi\u1ec7p. <\/p>\n\n\n\n<p>Ng\u01b0\u1eddi c\u1ea7m s\u1ee9c m\u1ea1nh l\u1edbn, qu\u00e1n xuy\u1ebfn vi\u1ec7c \u1edf th\u1ebf gian <\/p>\n\n\n\n<div style=\"height:17px\" aria-hidden=\"true\" class=\"wp-block-spacer\"><\/div>\n\n\n\n<p>2026-04-21 <a href=\"https:\/\/khangtaichu.vn\" target=\"_blank\" rel=\"noreferrer noopener\">KTC Commonwealth<\/a><\/p>\n\n\n<div class=\"logged-out wp-block-loginout\"><a href=\"https:\/\/vn.titocity.com\/taikhang\/wp-login.php?redirect_to=https%3A%2F%2Fvn.titocity.com%2Ftaikhang%2Fwp-json%2Fwp%2Fv2%2Fpages%2F2\">\u0110\u0103ng nh\u1eadp<\/a><\/div>\n\n\n<p>\u2190&nbsp;<a href=\"https:\/\/vn.titocity.com\/\">trang ch\u1ee7 vn.titocity.com<\/a><\/p>\n\n\n\n<div style=\"height:32px\" aria-hidden=\"true\" class=\"wp-block-spacer\"><\/div>\n","protected":false},"excerpt":{"rendered":"<p>T\u00c0I KHANG V\u01af\u01a0NG \u96c4\u4e3b \u5927\u5bcc\u8c6a BOSS JEFF T\u00c0I KHANG vn.titocity.com\/taikhang \u6069\u5a01\u5fb7 \u00c2N UY \u0110\u1ee8C NH\u1eacT QUANG TR\u01af\u1edcNG H\u1ea2I CH\u1ee8C QUY\u1ec0N. C\u00d4NG DANH. T\u00c0I L\u1ed8C \u6709\u4eba\u65af\u6709\u571f\uff0c\u6709\u571f\u65af\u6709\u8ca1\u3002H\u1eefu nh\u00e2n t\u01b0 h\u1eefu th\u1ed5, h\u1eefu th\u1ed5 t\u01b0 h\u1eefu t\u00e0i CH\u1ee6 NGH\u0128A K\u1eba M\u1ea0NH. TRI\u1ebeT H\u1eccC HI\u1ec6N TH\u1ef0C \u0110\u1ed4I M\u1edaI. N\u1ec0N T\u1ea2NG T\u01af T\u01af\u1edeNG TR\u00ccNH V\u0168 H\u1ea2I KHANG. C\u00c1CH M\u1ea0NG S\u1ed0. [&hellip;]<\/p>\n","protected":false},"author":1,"featured_media":0,"parent":0,"menu_order":0,"comment_status":"closed","ping_status":"closed","template":"blank","meta":{"footnotes":""},"class_list":["post-2","page","type-page","status-publish","hentry"],"_links":{"self":[{"href":"https:\/\/vn.titocity.com\/taikhang\/wp-json\/wp\/v2\/pages\/2","targetHints":{"allow":["GET"]}}],"collection":[{"href":"https:\/\/vn.titocity.com\/taikhang\/wp-json\/wp\/v2\/pages"}],"about":[{"href":"https:\/\/vn.titocity.com\/taikhang\/wp-json\/wp\/v2\/types\/page"}],"author":[{"embeddable":true,"href":"https:\/\/vn.titocity.com\/taikhang\/wp-json\/wp\/v2\/users\/1"}],"replies":[{"embeddable":true,"href":"https:\/\/vn.titocity.com\/taikhang\/wp-json\/wp\/v2\/comments?post=2"}],"version-history":[{"count":39,"href":"https:\/\/vn.titocity.com\/taikhang\/wp-json\/wp\/v2\/pages\/2\/revisions"}],"predecessor-version":[{"id":309,"href":"https:\/\/vn.titocity.com\/taikhang\/wp-json\/wp\/v2\/pages\/2\/revisions\/309"}],"wp:attachment":[{"href":"https:\/\/vn.titocity.com\/taikhang\/wp-json\/wp\/v2\/media?parent=2"}],"curies":[{"name":"wp","href":"https:\/\/api.w.org\/{rel}","templated":true}]}}