{"id":21,"date":"2025-10-21T13:19:34","date_gmt":"2025-10-21T13:19:34","guid":{"rendered":"https:\/\/hyduyen.com\/?page_id=21"},"modified":"2025-11-02T12:00:42","modified_gmt":"2025-11-02T12:00:42","slug":"accept","status":"publish","type":"page","link":"https:\/\/vn.titocity.com\/taibao\/accept\/","title":{"rendered":"T\u00f4i \u0111\u1ed3ng \u00fd"},"content":{"rendered":"\n<h1 class=\"wp-block-heading\" style=\"font-size:clamp(4.16rem, 4.16rem + ((1vw - 0.2rem) * 8.8), 9rem);\">\u8ca1\u5bf6<\/h1>\n\n\n\n<p><a href=\"https:\/\/vn.titocity.com\/taibao\/vnd1b\/\" data-type=\"page\" data-id=\"33\">VND1B<\/a> &#8211; <a href=\"https:\/\/vn.titocity.com\/taibao\/vnd5b\/\" data-type=\"page\" data-id=\"35\">VND5B<\/a> \/ <a href=\"https:\/\/vn.titocity.com\/taibao\/notes\">NOTES<\/a><\/p>\n\n\n\n<p>T\u00f4i \u0111\u1ed3ng \u00fd cho ph\u00e9p ti\u1ec1n b\u1ea1c ch\u1ea3y v\u00e0o trong cu\u1ed9c s\u1ed1ng c\u1ee7a t\u00f4i. T\u00f4i ti\u1ebfp nh\u1eadn, chia ra th\u00e0nh nhi\u1ec1u nh\u00f3m ch\u1ee9c n\u0103ng qu\u1ea3n l\u00fd ti\u1ec1n b\u1ea1c.<\/p>\n\n\n\n<p>T\u00f4i c\u00f3 tr\u00e1ch nhi\u1ec7m qu\u1ea3n l\u00fd t\u1ed1t s\u1ed1 ti\u1ec1n t\u00f4i nh\u1eadn \u0111\u01b0\u1ee3c, s\u1eed d\u1ee5ng n\u00f3 v\u00e0o c\u00e1c m\u1ee5c \u0111\u00edch<\/p>\n\n\n\n<ul class=\"wp-block-list\">\n<li>N\u00e2ng cao ch\u1ea5t l\u01b0\u1ee3ng con ng\u01b0\u1eddi t\u00f4i<\/li>\n\n\n\n<li>\u0110\u1ea7u t\u01b0 t\u1ea1o ra c\u00e1c s\u1ea3n ph\u1ea9m, d\u1ecbch v\u1ee5, gi\u1ea3i ph\u00e1p mang \u00edch l\u1ee3i l\u1edbn cho x\u00e3 h\u1ed9i<\/li>\n\n\n\n<li>X\u00e2y d\u1ef1ng, ch\u0103m lo cho gia \u0111\u00ecnh, ng\u01b0\u1eddi th\u00e2n<\/li>\n\n\n\n<li>X\u00e2y d\u1ef1ng, ch\u0103m lo, ph\u00e1t tri\u1ec3n x\u00e3 h\u1ed9i<\/li>\n<\/ul>\n\n\n\n<p>S\u1ed1 ti\u1ec1n ng\u00e0y m\u1ed9t l\u1edbn th\u00eam nh\u1edd c\u00e1ch t\u00f4i d\u00f9ng ti\u1ec1n cho s\u1ea3n sinh ra th\u00eam gi\u00e1 tr\u1ecb, l\u1ee3i \u00edch, nh\u1edd v\u1eady m\u00e0 ti\u1ec1n \u0111\u1ebb ra ti\u1ec1n <\/p>\n\n\n\n<p><\/p>\n","protected":false},"excerpt":{"rendered":"<p>\u8ca1\u5bf6 VND1B &#8211; VND5B \/ NOTES T\u00f4i \u0111\u1ed3ng \u00fd cho ph\u00e9p ti\u1ec1n b\u1ea1c ch\u1ea3y v\u00e0o trong cu\u1ed9c s\u1ed1ng c\u1ee7a t\u00f4i. T\u00f4i ti\u1ebfp nh\u1eadn, chia ra th\u00e0nh nhi\u1ec1u nh\u00f3m ch\u1ee9c n\u0103ng qu\u1ea3n l\u00fd ti\u1ec1n b\u1ea1c. T\u00f4i c\u00f3 tr\u00e1ch nhi\u1ec7m qu\u1ea3n l\u00fd t\u1ed1t s\u1ed1 ti\u1ec1n t\u00f4i nh\u1eadn \u0111\u01b0\u1ee3c, s\u1eed d\u1ee5ng n\u00f3 v\u00e0o c\u00e1c m\u1ee5c \u0111\u00edch S\u1ed1 ti\u1ec1n [&hellip;]<\/p>\n","protected":false},"author":1,"featured_media":0,"parent":0,"menu_order":0,"comment_status":"closed","ping_status":"closed","template":"blank","meta":{"footnotes":""},"class_list":["post-21","page","type-page","status-publish","hentry"],"_links":{"self":[{"href":"https:\/\/vn.titocity.com\/taibao\/wp-json\/wp\/v2\/pages\/21","targetHints":{"allow":["GET"]}}],"collection":[{"href":"https:\/\/vn.titocity.com\/taibao\/wp-json\/wp\/v2\/pages"}],"about":[{"href":"https:\/\/vn.titocity.com\/taibao\/wp-json\/wp\/v2\/types\/page"}],"author":[{"embeddable":true,"href":"https:\/\/vn.titocity.com\/taibao\/wp-json\/wp\/v2\/users\/1"}],"replies":[{"embeddable":true,"href":"https:\/\/vn.titocity.com\/taibao\/wp-json\/wp\/v2\/comments?post=21"}],"version-history":[{"count":7,"href":"https:\/\/vn.titocity.com\/taibao\/wp-json\/wp\/v2\/pages\/21\/revisions"}],"predecessor-version":[{"id":62,"href":"https:\/\/vn.titocity.com\/taibao\/wp-json\/wp\/v2\/pages\/21\/revisions\/62"}],"wp:attachment":[{"href":"https:\/\/vn.titocity.com\/taibao\/wp-json\/wp\/v2\/media?parent=21"}],"curies":[{"name":"wp","href":"https:\/\/api.w.org\/{rel}","templated":true}]}}