{"id":2,"date":"2025-10-18T06:33:44","date_gmt":"2025-10-18T06:33:44","guid":{"rendered":"https:\/\/tk-networks.phuchai.com\/framework\/?page_id=2"},"modified":"2025-10-18T08:16:08","modified_gmt":"2025-10-18T08:16:08","slug":"trang-mau","status":"publish","type":"page","link":"https:\/\/vn.titocity.com\/framework\/","title":{"rendered":"Trang m\u1eabu"},"content":{"rendered":"\n<p class=\"has-text-align-right has-source-serif-pro-font-family has-large-font-size\">TITO FRAMEWORK<\/p>\n\n\n\n<p class=\"has-text-align-right has-small-font-size\">Khung l\u00fd lu\u1eadn v\u00e0 h\u01b0\u1edbng d\u1eabn ph\u00e1t tri\u1ec3n con ng\u01b0\u1eddi, ph\u00e1t tri\u1ec3n doanh nghi\u1ec7p, ph\u00e1t tri\u1ec3n x\u00e3 h\u1ed9i<\/p>\n\n\n\n<p class=\"has-text-align-right has-small-font-size\">PROFIT. WIN. SUCCESS<\/p>\n\n\n\n<figure class=\"wp-block-image alignfull size-full\"><img loading=\"lazy\" decoding=\"async\" width=\"1080\" height=\"1511\" src=\"https:\/\/vn.titocity.com\/framework\/wp-content\/uploads\/solaris\/tk\/tk-networks\/sites\/44\/2025\/10\/1000015347.jpg\" alt=\"\" class=\"wp-image-16\" srcset=\"https:\/\/vn.titocity.com\/framework\/wp-content\/uploads\/solaris\/tk\/tk-networks\/sites\/44\/2025\/10\/1000015347.jpg 1080w, https:\/\/vn.titocity.com\/framework\/wp-content\/uploads\/solaris\/tk\/tk-networks\/sites\/44\/2025\/10\/1000015347-214x300.jpg 214w, https:\/\/vn.titocity.com\/framework\/wp-content\/uploads\/solaris\/tk\/tk-networks\/sites\/44\/2025\/10\/1000015347-732x1024.jpg 732w, https:\/\/vn.titocity.com\/framework\/wp-content\/uploads\/solaris\/tk\/tk-networks\/sites\/44\/2025\/10\/1000015347-768x1074.jpg 768w\" sizes=\"auto, (max-width: 1080px) 100vw, 1080px\" \/><\/figure>\n\n\n\n<p style=\"font-size:clamp(1.25rem, 1.25rem + ((1vw - 0.2rem) * 1.364), 2rem);\">Th\u1ef1c tr\u1ea1ng x\u00e3 h\u1ed9i Vi\u1ec7t Nam trong 20 n\u0103m tr\u1edf l\u1ea1i \u0111\u00e2y: r\u1ea5t nhi\u1ec1u tr\u01b0\u1eddng ph\u00e1i l\u00fd thuy\u1ebft ph\u00e1t tri\u1ec3n c\u00e1 nh\u00e2n \u0111\u01b0\u1ee3c du nh\u1eadp t\u1eeb ph\u01b0\u01a1ng T\u00e2y, t\u1eeb c\u1ed5 ph\u01b0\u01a1ng \u0110\u00f4ng. M\u1ee5c \u0111\u00edch chung c\u1ee7a t\u1ea5t c\u1ea3 l\u00e0 mu\u1ed1n gi\u00fap ng\u01b0\u1eddi ti\u1ebfp nh\u1eadn ph\u00e1t tri\u1ec3n v\u00e0 thay \u0111\u1ed5i b\u1ea3n th\u00e2n.<\/p>\n\n\n\n<p style=\"font-size:clamp(1.25rem, 1.25rem + ((1vw - 0.2rem) * 1.364), 2rem);\">C\u00e2u chuy\u1ec7n l\u00e0: l\u00fd thuy\u1ebft \u0111\u1ee9ng ri\u00eang l\u1ebb, m\u00e0 thi\u1ebfu ph\u01b0\u01a1ng ti\u1ec7n, c\u00f4ng c\u1ee5, gi\u1ea3i ph\u00e1p, m\u00f4i tr\u01b0\u1eddng ph\u00e1t tri\u1ec3n th\u00ec khi \u00e1p d\u1ee5ng s\u1ebd hi\u1ec7u qu\u1ea3 th\u1ea5p.<\/p>\n\n\n\n<p style=\"font-size:clamp(1.25rem, 1.25rem + ((1vw - 0.2rem) * 1.364), 2rem);\">B\u1ed9 \u0111\u00f4i TITO Framework v\u00e0 TITO Toolkit s\u1ebd h\u1ec7 th\u1ed1ng ho\u00e1 l\u00fd lu\u1eadn v\u00e0 cung c\u1ea5p c\u00e1c ph\u01b0\u01a1ng ti\u1ec7n th\u1ef1c t\u1ebf tr\u1ee3 gi\u00fap cho ho\u1ea1t \u0111\u1ed9ng ph\u00e1t tri\u1ec3n&nbsp;c\u00e1 nh\u00e2n c\u1ee7a r\u1ea5t nhi\u1ec1u con ng\u01b0\u1eddi mu\u1ed1n v\u01b0\u01a1n l\u00ean trong x\u00e3 h\u1ed9i<\/p>\n\n\n\n<p>vn.titocity.com\/framework<br>vn.titocity.com\/toolkit<\/p>\n\n\n\n<p>___<\/p>\n\n\n\n<p class=\"has-small-font-size\">KHANG CH\u1ee6 T\u01af\u1edaNG,<br>18.10.2025, H\u00e0 N\u1ed9i<\/p>\n\n\n\n<div style=\"height:25px\" aria-hidden=\"true\" class=\"wp-block-spacer\"><\/div>\n\n\n<div class=\"logged-out wp-block-loginout\"><a href=\"https:\/\/vn.titocity.com\/framework\/wp-login.php?redirect_to=https%3A%2F%2Fvn.titocity.com%2Fframework%2Fwp-json%2Fwp%2Fv2%2Fpages%2F2\">\u0110\u0103ng nh\u1eadp<\/a><\/div>","protected":false},"excerpt":{"rendered":"<p>TITO FRAMEWORK Khung l\u00fd lu\u1eadn v\u00e0 h\u01b0\u1edbng d\u1eabn ph\u00e1t tri\u1ec3n con ng\u01b0\u1eddi, ph\u00e1t tri\u1ec3n doanh nghi\u1ec7p, ph\u00e1t tri\u1ec3n x\u00e3 h\u1ed9i PROFIT. WIN. SUCCESS Th\u1ef1c tr\u1ea1ng x\u00e3 h\u1ed9i Vi\u1ec7t Nam trong 20 n\u0103m tr\u1edf l\u1ea1i \u0111\u00e2y: r\u1ea5t nhi\u1ec1u tr\u01b0\u1eddng ph\u00e1i l\u00fd thuy\u1ebft ph\u00e1t tri\u1ec3n c\u00e1 nh\u00e2n \u0111\u01b0\u1ee3c du nh\u1eadp t\u1eeb ph\u01b0\u01a1ng T\u00e2y, t\u1eeb c\u1ed5 ph\u01b0\u01a1ng \u0110\u00f4ng. [&hellip;]<\/p>\n","protected":false},"author":1,"featured_media":0,"parent":0,"menu_order":0,"comment_status":"closed","ping_status":"open","template":"blank","meta":{"footnotes":""},"class_list":["post-2","page","type-page","status-publish","hentry"],"_links":{"self":[{"href":"https:\/\/vn.titocity.com\/framework\/wp-json\/wp\/v2\/pages\/2","targetHints":{"allow":["GET"]}}],"collection":[{"href":"https:\/\/vn.titocity.com\/framework\/wp-json\/wp\/v2\/pages"}],"about":[{"href":"https:\/\/vn.titocity.com\/framework\/wp-json\/wp\/v2\/types\/page"}],"author":[{"embeddable":true,"href":"https:\/\/vn.titocity.com\/framework\/wp-json\/wp\/v2\/users\/1"}],"replies":[{"embeddable":true,"href":"https:\/\/vn.titocity.com\/framework\/wp-json\/wp\/v2\/comments?post=2"}],"version-history":[{"count":14,"href":"https:\/\/vn.titocity.com\/framework\/wp-json\/wp\/v2\/pages\/2\/revisions"}],"predecessor-version":[{"id":26,"href":"https:\/\/vn.titocity.com\/framework\/wp-json\/wp\/v2\/pages\/2\/revisions\/26"}],"wp:attachment":[{"href":"https:\/\/vn.titocity.com\/framework\/wp-json\/wp\/v2\/media?parent=2"}],"curies":[{"name":"wp","href":"https:\/\/api.w.org\/{rel}","templated":true}]}}