{"id":2,"date":"2025-10-01T18:21:43","date_gmt":"2025-10-01T18:21:43","guid":{"rendered":"https:\/\/tk-networks.phuchai.com\/993\/?page_id=2"},"modified":"2025-12-07T10:40:00","modified_gmt":"2025-12-07T03:40:00","slug":"trang-mau","status":"publish","type":"page","link":"https:\/\/vn.titocity.com\/empire\/","title":{"rendered":"\u0110\u1ebf ch\u1ebf Tito"},"content":{"rendered":"\n<p class=\"has-text-align-right has-source-serif-pro-font-family has-large-font-size\">TITO EMPIRE<\/p>\n\n\n\n<p class=\"has-text-align-center has-source-serif-pro-font-family\" style=\"font-size:clamp(3.426rem, 3.426rem + ((1vw - 0.2rem) * 5.957), 7rem);\">\u767e\u5e74\u76db\u4e16<\/p>\n\n\n\n<p class=\"has-text-align-right has-small-font-size\">B\u00c1CH NI\u00caN TH\u1ecaNH TH\u1ebe. QUANG H\u01afNG TH\u1edcI \u0110\u1ea0I.<\/p>\n\n\n\n<p class=\"has-text-align-right has-small-font-size\">VI\u1ec6T NAM H\u00d9NG C\u01af\u1edcNG TH\u1ecaNH V\u01af\u1ee2NG.<br>T\u1ef0 H\u00c0O VI\u1ec6T NAM. T\u1ef0 H\u00c0O TR\u00cd TU\u1ec6 VI\u1ec6T NAM.<\/p>\n\n\n\n<p class=\"has-large-font-size\">TITO t\u1eadp trung x\u00e2y d\u1ef1ng t\u1ea7ng l\u1edbp trung l\u01b0u t\u1ea1i Vi\u1ec7t Nam. G\u00f3p ph\u1ea7n thu h\u1eb9p kho\u1ea3ng c\u00e1ch gi\u00e0u ngh\u00e8o trong x\u00e3 h\u1ed9i.<\/p>\n\n\n\n<p>C\u00e1c t\u00e0i s\u1ea3n s\u1ed1 do th\u00e0nh vi\u00ean x\u00e2y d\u1ef1ng \u0111\u01b0\u1ee3c th\u1eeba nh\u1eadn, \u0111\u01b0\u1ee3c giao d\u1ecbch sang t\u00ean chuy\u1ec3n nh\u01b0\u1ee3ng, \u0111\u01b0\u1ee3c cho t\u1eb7ng, truy\u1ec1n \u0111\u1eddi cho con ch\u00e1u<\/p>\n\n\n\n<div style=\"height:14px\" aria-hidden=\"true\" class=\"wp-block-spacer\"><\/div>\n\n\n\n<h3 class=\"wp-block-heading\">B\u00e0i m\u1edbi \u0111\u0103ng<\/h3>\n\n\n<ul class=\"wp-post-list\"><li><a href=\"https:\/\/vn.titocity.com\/empire\/204\/tich-hop-su-nghiep-kinh-doanh-cong-viec-cua-toi-voi-tito-empire\/\">T\u00edch h\u1ee3p s\u1ef1 nghi\u1ec7p, kinh doanh, c\u00f4ng vi\u1ec7c c\u1ee7a t\u00f4i v\u1edbi Tito Empire<\/a><\/li><li><a href=\"https:\/\/vn.titocity.com\/empire\/202\/tich-hop-cuoc-song-va-con-nguoi-cua-toi-voi-tito-empire\/\">T\u00edch h\u1ee3p cu\u1ed9c s\u1ed1ng v\u00e0 con ng\u01b0\u1eddi c\u1ee7a t\u00f4i v\u1edbi Tito Empire<\/a><\/li><li><a href=\"https:\/\/vn.titocity.com\/empire\/195\/tito-la-biet-danh-cua-tai-khang-vuong-%e9%9b%84%e4%b8%bb-%e5%a4%a7%e5%af%8c%e8%b1%aa\/\">TITO l\u00e0 bi\u1ec7t danh c\u1ee7a T\u00c0I KHANG V\u01af\u01a0NG \u96c4\u4e3b \u5927\u5bcc\u8c6a<\/a><\/li><li><a href=\"https:\/\/vn.titocity.com\/empire\/192\/cac-nguon-thu-cua-tito-empire\/\">C\u00e1c ngu\u1ed3n thu c\u1ee7a Tito Empire<\/a><\/li><li><a href=\"https:\/\/vn.titocity.com\/empire\/188\/tam-nhin-cua-minh-chu-trinh-vu\/\">T\u1ea7m nh\u00ecn c\u1ee7a Minh ch\u1ee7 Tr\u00ecnh V\u0169<\/a><\/li><li><a href=\"https:\/\/vn.titocity.com\/empire\/158\/lien-minh-cac-mang-luoi-xa-hoi-so-tito\/\">Li\u00ean minh c\u00e1c M\u1ea1ng l\u01b0\u1edbi x\u00e3 h\u1ed9i s\u1ed1 Tito (Tito eSocial Networks Alliance)<\/a><\/li><li><a href=\"https:\/\/vn.titocity.com\/empire\/76\/tito-trong-dong-chay-lich-su-phat-trien\/\">Tito trong d\u00f2ng ch\u1ea3y l\u1ecbch s\u1eed ph\u00e1t tri\u1ec3n<\/a><\/li><li><a href=\"https:\/\/vn.titocity.com\/empire\/59\/triet-hoc-ve-su-tang-truong\/\">Tri\u1ebft h\u1ecdc v\u1ec1 s\u1ef1 t\u0103ng tr\u01b0\u1edfng<\/a><\/li><li><a href=\"https:\/\/vn.titocity.com\/empire\/48\/diem-khoi-nguon-cho-tien-trinh-tang-truong-bat-tan\/\">\u0110i\u1ec3m kh\u1edfi ngu\u1ed3n cho ti\u1ebfn tr\u00ecnh t\u0103ng tr\u01b0\u1edfng b\u1ea5t t\u1eadn<\/a><\/li><li><a href=\"https:\/\/vn.titocity.com\/empire\/45\/cau-chuyen-dang-ky-ten-mien-tito-vn\/\">C\u00e2u chuy\u1ec7n \u0111\u0103ng k\u00fd t\u00ean mi\u1ec1n Tito.vn<\/a><\/li><li><a href=\"https:\/\/vn.titocity.com\/empire\/1\/thoi-diem-2136-ngay-01-10-2025\/\">Th\u1eddi \u0111i\u1ec3m 21:36 ng\u00e0y 01.10.2025<\/a><\/li><\/ul>\n\n\n\n<div style=\"height:14px\" aria-hidden=\"true\" class=\"wp-block-spacer\"><\/div>\n\n\n\n<figure class=\"wp-block-image alignfull size-large\"><a href=\"https:\/\/vn.titocity.com\/empire\/158\/\"><img decoding=\"async\" src=\"https:\/\/vn.titocity.com\/wp-content\/uploads\/solaris\/tk\/tk-networks\/sites\/6\/2025\/10\/1000015273.jpg\" alt=\"\"\/><\/a><\/figure>\n\n\n\n<h3 class=\"wp-block-heading\">\u0110\u1ebf ch\u1ebf<\/h3>\n\n\n\n<p>\u0110\u1ebf ch\u1ebf Tito \u0111\u01b0\u1ee3c s\u00e1ng l\u1eadp b\u1edfi Nh\u00e0 t\u01b0 b\u1ea3n s\u1ed1, nh\u00e0 c\u00e1ch m\u1ea1ng Boss Jeff Tr\u00ecnh V\u0169 H\u1ea3i Khang (<a href=\"https:\/\/vn.titocity.com\/bossjeff\" target=\"_blank\" rel=\"noreferrer noopener\">tito\/bossjeff<\/a>, <a href=\"https:\/\/vn.titocity.com\/tvhk\" target=\"_blank\" rel=\"noreferrer noopener\">tito\/tvhk<\/a>)<\/p>\n\n\n\n<p>Tito b\u1eaft \u0111\u1ea7u s\u1ee9 m\u1ec7nh l\u1ecbch s\u1eed B\u00c1CH NI\u00caN TH\u1ecaNH TH\u1ebe &#8211; VI\u1ec6T NAM H\u00d9NG C\u01af\u1edcNG &#8211; VI\u1ec6T NAM TH\u1ecaNH V\u01af\u1ee2NG t\u1eeb ng\u00e0y 01.10.2025<\/p>\n\n\n\n<p>Xem th\u00eam: <a href=\"https:\/\/vn.titocity.com\/daivuong\" target=\"_blank\" rel=\"noreferrer noopener\">\u0110\u1ea1i V\u01b0\u01a1ng<\/a><\/p>\n\n\n\n<div style=\"height:14px\" aria-hidden=\"true\" class=\"wp-block-spacer\"><\/div>\n\n\n\n<h3 class=\"wp-block-heading\">S\u1ee9 m\u1ec7nh l\u1ecbch s\u1eed \u0111\u1eb7t l\u00ean Tito<\/h3>\n\n\n\n<p>Ng\u00e0y khai sinh c\u1ee7a Tito l\u00e0 01.10.2025<\/p>\n\n\n\n<p>Tito ra \u0111\u1eddi trong b\u1ed1i c\u1ea3nh th\u1ebf gi\u1edbi \u1edf giai \u0111o\u1ea1n \u0111\u1ea7u c\u1ee7a cu\u1ed9c c\u00e1ch m\u1ea1ng c\u00f4ng nghi\u1ec7p l\u1ea7n t\u1ee9 4, v\u00e0 \u0111ang chuy\u1ec3n m\u00ecnh trong th\u1eddi \u0111\u1ea1i tr\u00ed tu\u1ec7 nh\u00e2n t\u1ea1o. <\/p>\n\n\n\n<p>Nh\u1eefng \u0111i\u1ec3m nh\u1ea5n l\u1edbn c\u1ee7a kinh t\u1ebf th\u1ebf gi\u1edbi trong 20 n\u0103m qua l\u00e0 s\u1ef1 xu\u1ea5t hi\u1ec7n c\u1ee7a ph\u01b0\u01a1ng th\u1ee9c truy\u1ec1n th\u00f4ng x\u00e3 h\u1ed9i, s\u1ef1 ph\u00e1t tri\u1ec3n c\u1ee7a th\u01b0\u01a1ng m\u1ea1i \u0111i\u1ec7n t\u1eed, \u0111i\u1ec7n to\u00e1n \u0111\u00e1m m\u00e2y, thi\u1ebft b\u1ecb s\u1ed1 th\u00f4ng minh g\u1ecdn nh\u1ecf<\/p>\n\n\n\n<p>N\u0103m 2025 l\u00e0 n\u0103m \u0111\u00e1nh d\u1ea5u th\u1eddi \u0111i\u1ec3m th\u1ebf gi\u1edbi v\u00e0 Vi\u1ec7t Nam b\u01b0\u1edbc qua 1\/4 \u0111\u1ea7u ti\u00ean c\u1ee7a th\u1ebf k\u1ef7  21, b\u1eaft \u0111\u1ea7u b\u01b0\u1edbc sang giai \u0111o\u1ea1n 25 n\u0103m ti\u1ebfp theo<\/p>\n\n\n\n<p><\/p>\n\n\n\n<p>Boss Jeff TVHK nh\u1eadn \u0111\u1ecbnh: <\/p>\n\n\n\n<p><\/p>\n\n\n\n<p><\/p>\n\n\n\n<div style=\"height:32px\" aria-hidden=\"true\" class=\"wp-block-spacer\"><\/div>\n\n\n<div class=\"logged-out wp-block-loginout\"><a href=\"https:\/\/vn.titocity.com\/empire\/wp-login.php?redirect_to=https%3A%2F%2Fvn.titocity.com%2Fempire%2Fwp-json%2Fwp%2Fv2%2Fpages%2F2\">\u0110\u0103ng nh\u1eadp<\/a><\/div>\n\n\n<p class=\"has-text-align-left\">\u2190 <a href=\"https:\/\/vn.titocity.com\">trang ch\u1ee7 vn.titocity.com<\/a><\/p>\n","protected":false},"excerpt":{"rendered":"<p>TITO EMPIRE \u767e\u5e74\u76db\u4e16 B\u00c1CH NI\u00caN TH\u1ecaNH TH\u1ebe. QUANG H\u01afNG TH\u1edcI \u0110\u1ea0I. VI\u1ec6T NAM H\u00d9NG C\u01af\u1edcNG TH\u1ecaNH V\u01af\u1ee2NG.T\u1ef0 H\u00c0O VI\u1ec6T NAM. T\u1ef0 H\u00c0O TR\u00cd TU\u1ec6 VI\u1ec6T NAM. TITO t\u1eadp trung x\u00e2y d\u1ef1ng t\u1ea7ng l\u1edbp trung l\u01b0u t\u1ea1i Vi\u1ec7t Nam. G\u00f3p ph\u1ea7n thu h\u1eb9p kho\u1ea3ng c\u00e1ch gi\u00e0u ngh\u00e8o trong x\u00e3 h\u1ed9i. C\u00e1c t\u00e0i s\u1ea3n s\u1ed1 do th\u00e0nh [&hellip;]<\/p>\n","protected":false},"author":1,"featured_media":0,"parent":0,"menu_order":0,"comment_status":"closed","ping_status":"open","template":"page-no-title","meta":{"footnotes":""},"class_list":["post-2","page","type-page","status-publish","hentry"],"_links":{"self":[{"href":"https:\/\/vn.titocity.com\/empire\/wp-json\/wp\/v2\/pages\/2","targetHints":{"allow":["GET"]}}],"collection":[{"href":"https:\/\/vn.titocity.com\/empire\/wp-json\/wp\/v2\/pages"}],"about":[{"href":"https:\/\/vn.titocity.com\/empire\/wp-json\/wp\/v2\/types\/page"}],"author":[{"embeddable":true,"href":"https:\/\/vn.titocity.com\/empire\/wp-json\/wp\/v2\/users\/1"}],"replies":[{"embeddable":true,"href":"https:\/\/vn.titocity.com\/empire\/wp-json\/wp\/v2\/comments?post=2"}],"version-history":[{"count":36,"href":"https:\/\/vn.titocity.com\/empire\/wp-json\/wp\/v2\/pages\/2\/revisions"}],"predecessor-version":[{"id":218,"href":"https:\/\/vn.titocity.com\/empire\/wp-json\/wp\/v2\/pages\/2\/revisions\/218"}],"wp:attachment":[{"href":"https:\/\/vn.titocity.com\/empire\/wp-json\/wp\/v2\/media?parent=2"}],"curies":[{"name":"wp","href":"https:\/\/api.w.org\/{rel}","templated":true}]}}