{"id":169,"date":"2025-10-20T12:53:42","date_gmt":"2025-10-20T05:53:42","guid":{"rendered":"https:\/\/vn.titocity.com\/empire\/?page_id=169"},"modified":"2025-10-20T17:21:24","modified_gmt":"2025-10-20T10:21:24","slug":"latest","status":"publish","type":"page","link":"https:\/\/vn.titocity.com\/empire\/latest\/","title":{"rendered":"B\u00e0i m\u1edbi \u0111\u0103ng"},"content":{"rendered":"<ul class=\"wp-post-list\"><li><a href=\"https:\/\/vn.titocity.com\/empire\/204\/tich-hop-su-nghiep-kinh-doanh-cong-viec-cua-toi-voi-tito-empire\/\">T\u00edch h\u1ee3p s\u1ef1 nghi\u1ec7p, kinh doanh, c\u00f4ng vi\u1ec7c c\u1ee7a t\u00f4i v\u1edbi Tito Empire<\/a><\/li><li><a href=\"https:\/\/vn.titocity.com\/empire\/202\/tich-hop-cuoc-song-va-con-nguoi-cua-toi-voi-tito-empire\/\">T\u00edch h\u1ee3p cu\u1ed9c s\u1ed1ng v\u00e0 con ng\u01b0\u1eddi c\u1ee7a t\u00f4i v\u1edbi Tito Empire<\/a><\/li><li><a href=\"https:\/\/vn.titocity.com\/empire\/195\/tito-la-biet-danh-cua-tai-khang-vuong-%e9%9b%84%e4%b8%bb-%e5%a4%a7%e5%af%8c%e8%b1%aa\/\">TITO l\u00e0 bi\u1ec7t danh c\u1ee7a T\u00c0I KHANG V\u01af\u01a0NG \u96c4\u4e3b \u5927\u5bcc\u8c6a<\/a><\/li><li><a href=\"https:\/\/vn.titocity.com\/empire\/192\/cac-nguon-thu-cua-tito-empire\/\">C\u00e1c ngu\u1ed3n thu c\u1ee7a Tito Empire<\/a><\/li><li><a href=\"https:\/\/vn.titocity.com\/empire\/188\/tam-nhin-cua-minh-chu-trinh-vu\/\">T\u1ea7m nh\u00ecn c\u1ee7a Minh ch\u1ee7 Tr\u00ecnh V\u0169<\/a><\/li><li><a href=\"https:\/\/vn.titocity.com\/empire\/158\/lien-minh-cac-mang-luoi-xa-hoi-so-tito\/\">Li\u00ean minh c\u00e1c M\u1ea1ng l\u01b0\u1edbi x\u00e3 h\u1ed9i s\u1ed1 Tito (Tito eSocial Networks Alliance)<\/a><\/li><li><a href=\"https:\/\/vn.titocity.com\/empire\/76\/tito-trong-dong-chay-lich-su-phat-trien\/\">Tito trong d\u00f2ng ch\u1ea3y l\u1ecbch s\u1eed ph\u00e1t tri\u1ec3n<\/a><\/li><li><a href=\"https:\/\/vn.titocity.com\/empire\/59\/triet-hoc-ve-su-tang-truong\/\">Tri\u1ebft h\u1ecdc v\u1ec1 s\u1ef1 t\u0103ng tr\u01b0\u1edfng<\/a><\/li><li><a href=\"https:\/\/vn.titocity.com\/empire\/48\/diem-khoi-nguon-cho-tien-trinh-tang-truong-bat-tan\/\">\u0110i\u1ec3m kh\u1edfi ngu\u1ed3n cho ti\u1ebfn tr\u00ecnh t\u0103ng tr\u01b0\u1edfng b\u1ea5t t\u1eadn<\/a><\/li><li><a href=\"https:\/\/vn.titocity.com\/empire\/45\/cau-chuyen-dang-ky-ten-mien-tito-vn\/\">C\u00e2u chuy\u1ec7n \u0111\u0103ng k\u00fd t\u00ean mi\u1ec1n Tito.vn<\/a><\/li><li><a href=\"https:\/\/vn.titocity.com\/empire\/1\/thoi-diem-2136-ngay-01-10-2025\/\">Th\u1eddi \u0111i\u1ec3m 21:36 ng\u00e0y 01.10.2025<\/a><\/li><\/ul>\n\n\n\n<div style=\"height:25px\" aria-hidden=\"true\" class=\"wp-block-spacer\"><\/div>\n\n\n\n<figure class=\"wp-block-image size-full\"><img loading=\"lazy\" decoding=\"async\" width=\"1080\" height=\"1384\" src=\"https:\/\/vn.titocity.com\/empire\/wp-content\/uploads\/solaris\/tk\/tk-networks\/sites\/7\/2025\/10\/1000015509.jpg\" alt=\"\" class=\"wp-image-177\" srcset=\"https:\/\/vn.titocity.com\/empire\/wp-content\/uploads\/solaris\/tk\/tk-networks\/sites\/7\/2025\/10\/1000015509.jpg 1080w, https:\/\/vn.titocity.com\/empire\/wp-content\/uploads\/solaris\/tk\/tk-networks\/sites\/7\/2025\/10\/1000015509-234x300.jpg 234w, https:\/\/vn.titocity.com\/empire\/wp-content\/uploads\/solaris\/tk\/tk-networks\/sites\/7\/2025\/10\/1000015509-799x1024.jpg 799w, https:\/\/vn.titocity.com\/empire\/wp-content\/uploads\/solaris\/tk\/tk-networks\/sites\/7\/2025\/10\/1000015509-768x984.jpg 768w\" sizes=\"auto, (max-width: 1080px) 100vw, 1080px\" \/><\/figure>\n\n\n\n<p>Ng\u01b0\u1eddi d\u00f9ng Tito lu\u00f4n ph\u1ea3i kh\u1eafc c\u1ed1t ghi t\u00e2m ba ch\u1eef: PROFIT. WIN. SUCCESS. Th\u00ec \u0111\u01b0\u1eddng l\u00e0m \u0103n, \u0111\u01b0\u1eddng c\u00f4ng danh, \u0111\u01b0\u1eddng \u0111\u1eddi thu\u1eadn l\u1ee3i<\/p>\n\n\n\n<p>Kh\u1edfi nguy\u00ean c\u1ee7a t\u00ean g\u1ecdi TITO l\u00e0 xu\u1ea5t ph\u00e1t t\u1eeb ch\u1eef TI\u1ec0N TO (BIG MONEY \/ BIG BUCKS)<\/p>\n\n\n\n<p>T\u00ean g\u1ecdi c\u1ee7a TITO l\u00e0: TITO EMPIRE \u5927\u5bcc\u8c6a (\u0110\u1ea1i Ph\u00fa H\u00e0o). \u0110\u00e2y l\u00e0 s\u00e2n ch\u01a1i c\u1ee7a ti\u1ec1n b\u1ea1c, c\u00f4ng danh, s\u1ef1 nghi\u1ec7p.<\/p>\n\n\n\n<figure class=\"wp-block-table is-style-stripes has-small-font-size\"><table class=\"has-fixed-layout\"><tbody><tr><td>\u5eb7 KHANG<\/td><td>\u8ca1 T\u00c0I<\/td><td>\u4e3b CH\u1ee6<\/td><\/tr><tr><td>\u0110\u01af\u1ee2C VI\u1ec6C<\/td><td>L\u1ee2I NHU\u1eacN<\/td><td>TH\u00c0NH C\u00d4NG<\/td><\/tr><tr><td>WIN<\/td><td>PROFIT<\/td><td>SUCCESS<\/td><\/tr><tr><td>GAME<\/td><td>WEALTH, RICH<\/td><td>BOSS<\/td><\/tr><\/tbody><\/table><\/figure>\n\n\n\n<p>\u0110\u1ebf ch\u1ebf TITO t\u1ea1o ra nhi\u1ec1u ng\u01b0\u1eddi gi\u00e0u, nh\u1eefng ng\u01b0\u1eddi ch\u1ee7 ti\u1ec1n t\u00e0i, ch\u1ee7 cu\u1ed9c ch\u01a1i. G\u1ecdi chung l\u00e0 KHANG T\u00c0I CH\u1ee6 \u5eb7\u8ca1\u4e3b (<a href=\"https:\/\/vn.titocity.com\/khangtaichu\" target=\"_blank\" rel=\"noreferrer noopener\">vn.titocity.com\/khangtaichu<\/a>)<\/p>\n\n\n\n<p>Xem th\u00eam \u0110\u1ea1o l\u00fd c\u1ee7a Khang T\u00e0i Ch\u1ee7<\/p>\n\n\n\n<ol class=\"wp-block-list\">\n<li>TITO WIN \u2013&nbsp;<a href=\"https:\/\/vn.titocity.com\/win\" target=\"_blank\" rel=\"noreferrer noopener\">vn.titocity.com\/win<\/a><\/li>\n\n\n\n<li>TITO PROFIT \u2013&nbsp;<a href=\"https:\/\/vn.titocity.com\/profit\" target=\"_blank\" rel=\"noreferrer noopener\">vn.titocity.com\/profit<\/a><\/li>\n\n\n\n<li>TITO SUCCESS \u2013&nbsp;<a href=\"https:\/\/vn.titocity.com\/success\" target=\"_blank\" rel=\"noreferrer noopener\">vn.titocity.com\/success<\/a><\/li>\n<\/ol>\n","protected":false},"excerpt":{"rendered":"<p>Ng\u01b0\u1eddi d\u00f9ng Tito lu\u00f4n ph\u1ea3i kh\u1eafc c\u1ed1t ghi t\u00e2m ba ch\u1eef: PROFIT. WIN. SUCCESS. Th\u00ec \u0111\u01b0\u1eddng l\u00e0m \u0103n, \u0111\u01b0\u1eddng c\u00f4ng danh, \u0111\u01b0\u1eddng \u0111\u1eddi thu\u1eadn l\u1ee3i Kh\u1edfi nguy\u00ean c\u1ee7a t\u00ean g\u1ecdi TITO l\u00e0 xu\u1ea5t ph\u00e1t t\u1eeb ch\u1eef TI\u1ec0N TO (BIG MONEY \/ BIG BUCKS) T\u00ean g\u1ecdi c\u1ee7a TITO l\u00e0: TITO EMPIRE \u5927\u5bcc\u8c6a (\u0110\u1ea1i Ph\u00fa H\u00e0o). \u0110\u00e2y [&hellip;]<\/p>\n","protected":false},"author":1,"featured_media":0,"parent":0,"menu_order":0,"comment_status":"closed","ping_status":"closed","template":"","meta":{"footnotes":""},"class_list":["post-169","page","type-page","status-publish","hentry"],"_links":{"self":[{"href":"https:\/\/vn.titocity.com\/empire\/wp-json\/wp\/v2\/pages\/169","targetHints":{"allow":["GET"]}}],"collection":[{"href":"https:\/\/vn.titocity.com\/empire\/wp-json\/wp\/v2\/pages"}],"about":[{"href":"https:\/\/vn.titocity.com\/empire\/wp-json\/wp\/v2\/types\/page"}],"author":[{"embeddable":true,"href":"https:\/\/vn.titocity.com\/empire\/wp-json\/wp\/v2\/users\/1"}],"replies":[{"embeddable":true,"href":"https:\/\/vn.titocity.com\/empire\/wp-json\/wp\/v2\/comments?post=169"}],"version-history":[{"count":6,"href":"https:\/\/vn.titocity.com\/empire\/wp-json\/wp\/v2\/pages\/169\/revisions"}],"predecessor-version":[{"id":178,"href":"https:\/\/vn.titocity.com\/empire\/wp-json\/wp\/v2\/pages\/169\/revisions\/178"}],"wp:attachment":[{"href":"https:\/\/vn.titocity.com\/empire\/wp-json\/wp\/v2\/media?parent=169"}],"curies":[{"name":"wp","href":"https:\/\/api.w.org\/{rel}","templated":true}]}}